{"id":263,"date":"2025-07-22T07:26:40","date_gmt":"2025-07-22T07:26:40","guid":{"rendered":"https:\/\/jovial-rhodes.93-90-192-35.plesk.page\/?page_id=263"},"modified":"2025-07-22T07:38:21","modified_gmt":"2025-07-22T07:38:21","slug":"agb","status":"publish","type":"page","link":"https:\/\/jovial-rhodes.93-90-192-35.plesk.page\/index.php\/agb\/","title":{"rendered":"AGB"},"content":{"rendered":"\t\t<div data-elementor-type=\"wp-page\" data-elementor-id=\"263\" class=\"elementor elementor-263\">\n\t\t\t\t<div class=\"elementor-element elementor-element-0b2d9b9 e-flex e-con-boxed e-con e-parent\" data-id=\"0b2d9b9\" data-element_type=\"container\" data-e-type=\"container\">\n\t\t\t\t\t<div class=\"e-con-inner\">\n\t\t\t\t<div class=\"elementor-element elementor-element-3d8e4ad elementor-widget elementor-widget-text-editor\" data-id=\"3d8e4ad\" data-element_type=\"widget\" data-e-type=\"widget\" data-widget_type=\"text-editor.default\">\n\t\t\t\t\t\t\t\t\t<div class=\"fusion-layout-column fusion_builder_column fusion-builder-column-0 fusion_builder_column_1_1 1_1 fusion-flex-column fusion-no-small-visibility\"><div class=\"fusion-column-wrapper fusion-flex-justify-content-flex-start fusion-content-layout-column\"><div class=\"fusion-text fusion-text-1\"><h2 class=\"fusion-responsive-typography-calculated\" data-fontsize=\"40\" data-lineheight=\"48px\">Allgemeine Gesch\u00e4ftsbedingungen PCH Gro\u00dfk\u00fcchentechnik &amp; Kaffeesysteme GmbH<\/h2><h3 class=\"fusion-responsive-typography-calculated\" data-fontsize=\"32\" data-lineheight=\"41.6px\">\u00a7 1 Allgemeines<\/h3><p>1. Unsere Lieferungen und Leistungen erfolgen ausschlie\u00dflich aufgrund der nachstehenden Bedingungen. Anderslautenden Einkaufsbedingungen des Bestellers\/K\u00e4ufers wird hiermit widersprochen.<\/p><p>2. Unser Angebot richtet sich ausschlie\u00dflich an Unternehmer im Sinne des \u00a7 14 BGB, Beh\u00f6rden sowie kirchliche und soziale Einrichtungen. Kaufangebote von Verbrauchern im Sinne des \u00a7 13 BGB lehnen wir ab. Der Besteller\/K\u00e4ufer best\u00e4tigt mit Abschicken seiner Bestellung ausdr\u00fccklich Unternehmer zu sein und mit der Bestellung in Aus\u00fcbung seiner gewerblichen oder selbst\u00e4ndigen beruflichen T\u00e4tigkeit zu handeln.<\/p><p>3. Alle Nebenabreden oder von diesen AGB\u00b4s abweichenden Abreden sowie \u00c4nderungen der Auftragsbest\u00e4tigung bed\u00fcrfen zu ihrer Wirksamkeit unserer schriftlichen Best\u00e4tigung. Dies gilt insbesondere auch f\u00fcr den Fall, dass der Besteller\/K\u00e4ufer im Auftragsschreiben zus\u00e4tzliche Bedingungen oder Auflagen aufnimmt, denen wir nicht ausdr\u00fccklich widersprechen oder, dass der Besteller\/K\u00e4ufer seine Einkaufsbedingungen zur Grundlage des Vertrages machen will. Soweit diese im Widerspruch zu unseren AGB\u00b4s stehen, werden sie auch nicht durch unser Schweigen oder vorbehaltlose Ausf\u00fchrung dieses Vertrages Vertragsinhalt.<\/p><p>4. Der Besteller\/K\u00e4ufer erkl\u00e4rt sich mit seiner Bestellung im Voraus damit einverstanden, dass diese AGB\u00b4s auch f\u00fcr alle weiteren Angebote, Auftr\u00e4ge und Vertr\u00e4ge gelten, ohne dass sie jeweils neu vereinbart werden m\u00fcssen.<\/p><h3 class=\"fusion-responsive-typography-calculated\" data-fontsize=\"32\" data-lineheight=\"41.6px\">\u00a7 2 Angebote<\/h3><p>1. Unsere Angebote sind stets freibleibend. Ein Kaufvertrag kommt erst durch unsere schriftliche Auftragsbest\u00e4tigung oder durch unsere tats\u00e4chliche Lieferung oder Leistung zustande.<\/p><p>2. Beschreibungen von Produkten in unseren Angeboten, Auftragsbest\u00e4tigungen, Katalogen, Prospekten und im Internet-Shop etc. sind nur ann\u00e4hernd ma\u00dfgeblich. Abweichungen hinsichtlich Material, Farbe, Gewicht, Abmessung, technischer Gestaltung und \u00e4hnliche Merkmale bleiben vorbehalten, soweit der Liefergegenstand dadurch f\u00fcr den Besteller\/K\u00e4ufer zumutbar bleibt. Im \u00dcbrigen verstehen sich alle Mengen-, Ma\u00dfangaben und \u00e4hnlichen Merkmale mit den handels\u00fcblichen Toleranzen.<\/p><p>3. An Kostenvoranschl\u00e4gen, Zeichnungen und anderen Angebotsunterlagen behalten wir uns die Eigentums- und Urheberrechte ausdr\u00fccklich vor. Der Besteller\/K\u00e4ufer darf solche Unterlagen Dritten nicht zug\u00e4nglich machen. Auf unser Verlangen sind sie an uns zur\u00fcckzugeben.<\/p><h3 class=\"fusion-responsive-typography-calculated\" data-fontsize=\"32\" data-lineheight=\"41.6px\">\u00a7 3 Preise<\/h3><p>1. Alle Preisangaben in Angeboten, Prospekten, im Internet-Shop oder in Auftragsbest\u00e4tigungen sind nach den am Abgabetag geltenden Preisen f\u00fcr Material, Arbeitslohn und Frachten errechnet. \u00c4ndern sich diese Kosten bis zur Ausf\u00fchrung des Auftrages, sind wir berechtigt, den vereinbarten Preis angemessen zu \u00e4ndern. Diese Preis\u00e4nderungsklausel findet auch dann Anwendung, wenn nachtr\u00e4glich auf Wunsch des Besteller\/K\u00e4ufer der urspr\u00fcngliche Liefertermin ge\u00e4ndert wird.<\/p><p>2. Wenn nicht anders angegeben verstehen sich unsere Preise ab Werk sofern nichts anderes vereinbart ist und gelten zuz\u00fcglich der am Tag der Lieferung geltenden gesetzlichen Mehrwertsteuer.<\/p><p>3. Der Besteller\/K\u00e4ufer verzichtet auf die R\u00fcckgabe von Verpackungen und wird diese ordnungsgem\u00e4\u00df entsorgen.<\/p><h3 class=\"fusion-responsive-typography-calculated\" data-fontsize=\"32\" data-lineheight=\"41.6px\">\u00a7 4 Lieferung, Gefahren\u00fcbergang<\/h3><p>1. Teillieferungen sind zul\u00e4ssig, soweit sie dem Besteller\/K\u00e4ufer zumutbar sind.<\/p><p>2. Lieferfristen gelten vorbehaltlich der bei uns oder unserem Unterlieferanten auftretenden unvorhersehbaren Zwischenf\u00e4lle, wie durch uns unverschuldeter Verz\u00f6gerung in der Fertigstellung wesentlicher Lieferteile, versp\u00e4teter Anlieferung wesentlicher Rohstoffe, h\u00f6herer Gewalt, beh\u00f6rdlicher Ma\u00dfnahmen, Betriebsst\u00f6rungen usw., soweit diese Zwischenf\u00e4lle die Fertigstellung oder Auslieferung des Liefergegenstandes beeinflussen. Wegen derartiger Ereignisse sind wir berechtigt, die Lieferung oder Leistung um entsprechende Dauer und eine angemessene Anlaufzeit hinauszuschieben oder wegen des noch nicht erf\u00fcllten Teils vom Vertrag ganz oder teilweise zur\u00fccktreten. Die abgegebene Erkl\u00e4rung unserer Vorlieferanten oder eines Unterlieferers gilt als ausreichender Beweis daf\u00fcr, dass wir an der Lieferung oder Leistung gehindert sind.<\/p><p>3. Aus der \u00dcberschreitung vereinbarter Lieferzeiten, die wir zu vertreten haben, stehen dem Besteller\/K\u00e4ufer folgende Anspr\u00fcche zu:<\/p><p>3.1 Ein R\u00fccktritt vom Vertrag ist nur im Fall unseres Verzuges und angemessener Nachfristsetzung mit ausdr\u00fccklicher Androhung der Ablehnung der Leistung nach Ablauf der Nachfrist m\u00f6glich.<\/p><p>3.2 Im Falle unseres Verzuges kann Verzugsentsch\u00e4digung in H\u00f6he von 0,5 {a90b34d570f622d507a82da691cb782ec9cdad8680839d9254e01b536f6e884f} f\u00fcr jede vollendete Woche des Verzuges insgesamt h\u00f6chstens 5 {a90b34d570f622d507a82da691cb782ec9cdad8680839d9254e01b536f6e884f} des Rechnungswertes ohne Mehrwertsteuer und Transportversicherung der vom Verzug betroffenen Lieferung und Leistung verlangt werden. Dar\u00fcber hinausgehende Entsch\u00e4digungsanspr\u00fcche sind ausgeschlossen, au\u00dfer wir w\u00fcrden im Falle des Vorsatzes oder der groben Fahrl\u00e4ssigkeit auch unserer gesetzlichen Vertreter und Erf\u00fcllungsgehilfen zwingend haften.<\/p><p>4. Die Gefahr geht sp\u00e4testens bei Verladung auf den Besteller\/K\u00e4ufer \u00fcber. Unterbleibt die Ablieferung aus vom Besteller\/K\u00e4ufer zu vertretenden Gr\u00fcnden, geht die Gefahr mit Versandbereitschaft \u00fcber. In diesen F\u00e4llen wird die versandbereite Ware f\u00fcr Rechnung und Gefahr des Besteller\/K\u00e4ufer auf Lager genommen. Die F\u00e4lligkeit der Rechnung wird dadurch nicht ber\u00fchrt.<\/p><p>5. Bei Abnahmeverzug des Besteller\/K\u00e4ufer steht uns nach fruchtlosem Ablauf einer angemessenen Nachfrist neben den gesetzlichen Bestimmungen das Recht zu, entweder die Durchf\u00fchrung des Auftrages oder Schadensersatz in H\u00f6he von 20{a90b34d570f622d507a82da691cb782ec9cdad8680839d9254e01b536f6e884f} des Nettoauftragswertes zu verlangen, es sei denn, der Besteller\/K\u00e4ufer weist nach, dass nur ein wesentlich geringerer oder gar kein Schaden entstanden ist, oder vom Vertrag zur\u00fcckzutreten. Die Geltendmachung eines h\u00f6heren tats\u00e4chlichen Schadens bleibt vorbehalten, dies gilt insbesondere auch bei Spezialanfertigungen.<\/p><p>6. Der Empf\u00e4nger hat Transportsch\u00e4den jeder Art unverz\u00fcglich bei uns anzuzeigen. Eine Transportversicherung wird nur auf ausdr\u00fccklichen Wunsch des Besteller\/K\u00e4ufer abgeschlossen. Im Falle eines durch Transportversicherung abgedeckten Transportschadens haben wir das Wahlrecht, entweder die Versicherungssumme entgegenzunehmen und Ersatz zu liefern oder Zahlung des Kaufpreises von dem Besteller\/K\u00e4ufer gegen Abtretung der Versicherungssumme zu verlangen.<\/p><p>7. Soweit unsere Mitarbeiter oder Beauftragte bei der Verladung oder beim Abladen mitwirken, handeln sie auf Gefahr des Besteller\/K\u00e4ufer als dessen Erf\u00fcllungsgehilfen<\/p><p>8. Die Wahl der Versandart bleibt mangels anderslautender Vereinbarung uns \u00fcberlassen. Wir haften nicht f\u00fcr Personen- oder Sachsch\u00e4den, die durch Fahrzeuge oder Fahrer im Zusammenhang mit der Anlieferung verursacht werden.<\/p><p>9. Barzahlung bei Selbstabholung Sie haben grunds\u00e4tzlich die M\u00f6glichkeit der Abholung bei PCH Gro\u00dfk\u00fcchentechnik &amp; Kaffeesysteme GmbH, Iltener Stra\u00dfe 78, 31275 Lehrte, Deutschland, zu den nachfolgend angegebenen Gesch\u00e4ftszeiten: Montags bis Freitags in der Zeit 08:00 bis 17:00 Uhr au\u00dfer an in Niedersachsen geltenden Feiertagen<\/p><h3 class=\"fusion-responsive-typography-calculated\" data-fontsize=\"32\" data-lineheight=\"41.6px\">\u00a7 5 Zahlung<\/h3><p>1. Rechnungen sind sofort nach Rechnungsstellung zahlbar ohne jeden Abzug. Skontoabzug wird nur gew\u00e4hrt, soweit dieser vorher vereinbart wurde und in der Rechnung ausgewiesen wird. Grunds\u00e4tzlich sind unsere Rechnung gegen\u00fcber Unternehmern per Vorkasse f\u00e4llig. Zahlungen per Kreditkarte werden dieser direkt nach der Bestellung belastet.<\/p><p>2. Alternativ gew\u00e4hren wir die Rechnungszahlung \u00fcber einen durch uns benannten Treuh\u00e4nder.<\/p><p>3. Beh\u00f6rden kann auf besondere Vereinbarung und ab einem Netto-Auftragswert von 500,00 EUR Zahlung binnen 30 Tagen nach Lieferung einger\u00e4umt werden.<\/p><p>4. Eine Zahlung ist erst erfolgt, wenn wir \u00fcber den Betrag bedingungslos verf\u00fcgen k\u00f6nnen. Im Falle von Schecks erst dann, wenn der Scheck ohne Vorbehalt eingel\u00f6st ist.<\/p><p>5. Wir sind berechtigt, trotz anders lautender Bestimmung des Besteller\/K\u00e4ufer, Zahlungen zun\u00e4chst auf etwa bestehende \u00e4ltere Restschulden anzurechnen. Sind bereits Kosten und Zinsen entstanden, so sind wir berechtigt, Zahlungen zun\u00e4chst auf die Kosten, dann auf die Zinsen und zuletzt auf die Hauptforderung anzurechnen.<\/p><p>6. Im Falle des Zahlungsverzuges berechnen wir Verzugszinsen in H\u00f6he von 2 {a90b34d570f622d507a82da691cb782ec9cdad8680839d9254e01b536f6e884f} pro Monat, mindestens jedoch die von uns zu zahlenden Kontokorrentzinsen.<\/p><p>7. Zur\u00fcckbehaltungsrechte des Besteller\/K\u00e4ufer sowie Aufrechnung mit bestrittenen oder nicht rechtskr\u00e4ftig festgestellten Forderungen sind ausgeschlossen.<\/p><h3 class=\"fusion-responsive-typography-calculated\" data-fontsize=\"32\" data-lineheight=\"41.6px\">\u00a7 6 Gew\u00e4hrleistung<\/h3><p>1. Die von uns gelieferten Gegenst\u00e4nde sind, auch wenn Muster \u00fcbersandt waren, unverz\u00fcglich auf Fehler zu untersuchen. Die Lieferung bzw. Leistung gilt als genehmigt, wenn offensichtliche, oder bei der Untersuchung festgestellte M\u00e4ngel, Mengendifferenzen oder eine offensichtliche Falschlieferung nicht innerhalb einer Ausschlussfrist von 3 Tagen nach Eintreffen der Ware am Bestimmungsort, in jedem Fall aber vor Verarbeitung, schriftlich bei uns ger\u00fcgt werden. Versteckte M\u00e4ngel hat der Besteller\/K\u00e4ufer sp\u00e4testens innerhalb einer Ausschlussfrist von 8 Tagen nach ihrer Entdeckung schriftlich bei uns zu r\u00fcgen. K\u00fcchenger\u00e4te werden beim Einbau in ein Geb\u00e4ude nicht dessen wesentlicher Bestandteil.<\/p><p>2. Die Gew\u00e4hrleistungsanspr\u00fcche verj\u00e4hren mit Ablauf eines Jahres nach Gefahr\u00fcbergang, sofern sich nichts Abweichendes aus Vertrag oder Gesetz ergibt. Bei gebrauchten Sachen betr\u00e4gt die Gew\u00e4hrleistungsfrist 6 Monate. Sollte durch den Hersteller des Liefergegenstandes eine l\u00e4ngere Gew\u00e4hrleistungsfrist oder eine Garantie einger\u00e4umt werden, so treten wir unsere Rechte hieraus bereits mit dem Kauf an den Besteller\/K\u00e4ufer ab. Eine aktuelle Liste der einzelnen Gew\u00e4hrleistungsfristen und \u2013 bedingungen bzw. der Garantiefristen- und -bedingungen der Hersteller kann jederzeit bei uns angefordert werden.<\/p><p>3. Im Gew\u00e4hrleistungsfall leisten wir in Absprache mit dem Hersteller Nachbesserung oder Ersatzlieferung nach unserer Wahl. Insoweit erforderliche Aufwendungen, insbesondere Transport-, Wege-, Arbeits- und Materialkosten, die dadurch entstehen, dass die Kaufsache nach einem anderen Ort als dem Erf\u00fcllungsort verbracht wurde, sind von uns nicht zwingend zu ersetzen. Schlagen Nachbesserung oder Ersatzlieferung hinsichtlich eines Mangels nachweislich zweimal fehl oder w\u00fcrde die Beseitigung des Mangels einen unverh\u00e4ltnism\u00e4\u00dfig hohen Aufwand erfordern und wird die Nachbesserung deshalb verweigert, so kann der Besteller\/K\u00e4ufer nach seiner Wahl Herabsetzung der Verg\u00fctung oder R\u00fcckg\u00e4ngigmachung des Vertrages verlangen.<\/p><p>4. Ergibt sich bei einer im Rahmen der M\u00e4ngelr\u00fcge durchgef\u00fchrten Pr\u00fcfung der Ware, dass die M\u00e4ngelr\u00fcge zu Unrecht erfolgt ist, sind wir berechtigt, eine verkehrs\u00fcbliche Verg\u00fctung f\u00fcr die Pr\u00fcfung der Ware sowie die Kosten f\u00fcr den Versand zu berechnen.<\/p><p>5. Wir haften nicht f\u00fcr Sch\u00e4den, die auf unsachgem\u00e4\u00dfer Verwendung und Lagerung, fehlerhaftem Einbau oder nat\u00fcrlicher Abnutzung beruhen. Durch vom Besteller\/K\u00e4ufer oder Dritten ohne unsere Zustimmung vorgenommene Instandsetzungsarbeiten oder sonstige Eingriffe wird jede Gew\u00e4hrleistung von uns ausgeschlossen.<\/p><h3 class=\"fusion-responsive-typography-calculated\" data-fontsize=\"32\" data-lineheight=\"41.6px\">\u00a7 7 Eigentumsvorbehalt<\/h3><p>1. Bis zur Erf\u00fcllung aller Forderungen, die uns aus jedem Rechtsgrund gegen den Besteller\/K\u00e4ufer aktuell oder k\u00fcnftig zustehen, bleiben unsere Waren unser Eigentum. Verarbeitung oder Umbildung im Bereich des Besteller\/K\u00e4ufer erfolgen stets f\u00fcr uns als Lieferant, jedoch ohne Verpflichtung f\u00fcr uns. Erlischt unser (Mit-) Eigentum durch Verbindung, so wird bereits jetzt vereinbart, dass das (Mit-) Eigentum des Besteller\/K\u00e4ufer an der einheitlichen Sache wertanteilm\u00e4\u00dfig (Rechnungswert) auf uns \u00fcbergeht. Der Besteller\/K\u00e4ufer verwahrt unser (Mit-) Eigentum unentgeltlich. Ware, an denen uns (Mit-) Eigentum zusteht, wird im Folgenden als Vorbehaltsware bezeichnet.<\/p><p>2. Bei Zugriffen Dritter auf die Vorbehaltsware hat der Besteller\/K\u00e4ufer auf unser Eigentum hinzuweisen und uns unverz\u00fcglich benachrichtigen. Kosten und Sch\u00e4den tr\u00e4gt der Besteller.<\/p><p>3. Ist der Besteller\/K\u00e4ufer mit der Bezahlung des Kaufpreises in Verzug oder mit einer Teilzahlung in R\u00fcckstand geraten, dann sind wir berechtigt, sofort die gelieferte Ware, auch soweit sie mit Grund oder Geb\u00e4ude fest verbunden ist, bei ihm abzuholen. Der Besteller\/K\u00e4ufer gestattet uns insoweit die in seinem Eigentum oder Besitz stehenden R\u00e4umlichkeiten und Grundst\u00fccke zu betreten. Sch\u00e4den, die infolge des Abtransportes oder der Demontage an Grundst\u00fcck und R\u00e4umlichkeiten sowie Geb\u00e4uden und Geb\u00e4udeteilen entstehen, haben wir nicht zu erstatten.<\/p><h3 class=\"fusion-responsive-typography-calculated\" data-fontsize=\"32\" data-lineheight=\"41.6px\">\u00a7 8 Schadensersatzanspr\u00fcche der Verk\u00e4uferin<\/h3><p>1. Falls wir ausdr\u00fccklich in die Aufhebung eines verbindlich erteilten Auftrages einwilligen, hat der Besteller\/K\u00e4ufer 20 {a90b34d570f622d507a82da691cb782ec9cdad8680839d9254e01b536f6e884f} der Auftragssumme an uns zu zahlen, auch wenn wir dies bei der Aufhebung nicht ausdr\u00fccklich wiederholen. Dasselbe gilt, wenn der Besteller\/K\u00e4ufer den Vertrag nicht erf\u00fcllt und bei R\u00fccktritt. Ist der Lieferungsgegenstand ausgeliefert, erh\u00f6ht sich der Pauschalbetrag um die Kosten des Hin- und R\u00fccktransportes sowie die Kosten der Aufarbeitung. Die Geltendmachung eines h\u00f6heren Schadens ist damit nicht ausgeschlossen. Der Besteller\/K\u00e4ufer ist berechtigt nachzuweisen, dass uns ein geringerer Schaden entstanden ist.<\/p><h3 class=\"fusion-responsive-typography-calculated\" data-fontsize=\"32\" data-lineheight=\"41.6px\">\u00a7 9 Haftung<\/h3><p>1. Schadensersatz, gleich aus welchem Rechtsgrund, ist ausgeschlossen, soweit nicht eine grob fahrl\u00e4ssige oder vors\u00e4tzliche Verletzung einer Vertragspflicht vorliegt. Dies gilt insbesondere f\u00fcr Vertragsverletzungen durch einfache Erf\u00fcllungsgehilfen. F\u00fcr die Beschaffenheit der von dritter Seite bezogenen Waren und f\u00fcr Beschaffenheitsangaben des Herstellers wird nur gehaftet, wenn uns Vorsatz oder grobe Fahrl\u00e4ssigkeit zur Last f\u00e4llt. Die Haftungsbeschr\u00e4nkung gilt nicht bei K\u00f6rpersch\u00e4den.<\/p><p>2. Die Haftung ist in jedem Fall auf den Ersatz des im Zeitpunkt des Vertragsabschlusses voraussehbaren Schadens, maximal jedoch auf die H\u00f6he des Auftragswertes begrenzt. Im Falle der Haftung aus Verzug ist die Haftungssumme auf 5{a90b34d570f622d507a82da691cb782ec9cdad8680839d9254e01b536f6e884f} des Auftragswertes begrenzt.<\/p><p>3. Wir haften nur insoweit, wie uns unsere Vorlieferanten haften.<\/p><p>4. Alle Schadensersatzanspr\u00fcche, gleich aus welchem Rechtsgrund, verj\u00e4hren mit Ablauf eines Jahres nach Kenntniserlangung, sofern nicht das Gesetz (etwa in den \u00a7\u00a7 438 Abs. 1 Nr. 2, 634a Abs. 1 Nr. 2 BGB) eine l\u00e4ngere Verj\u00e4hrungsfrist vorschreibt oder vors\u00e4tzliches Handeln gegeben ist.<\/p><h3 class=\"fusion-responsive-typography-calculated\" data-fontsize=\"32\" data-lineheight=\"41.6px\">\u00a7 10 Vertragstextspeicherung<\/h3><p>Wir speichern den Vertragstext und senden Ihnen die Bestelldaten und unsere AGB per E-Mail zu. Die AGB k\u00f6nnen Sie jederzeit auch hier auf dieser Seite einsehen. Ihre vergangenen Bestellungen sind aus Sicherheitsgr\u00fcnden nicht mehr \u00fcber das Internet zug\u00e4nglich.<\/p><h3 class=\"fusion-responsive-typography-calculated\" data-fontsize=\"32\" data-lineheight=\"41.6px\">\u00a7 11 Vertragssprache<\/h3><p>Die f\u00fcr den Vertragsschluss zur Verf\u00fcgung stehende Sprache ist Deutsch.<\/p><h3 class=\"fusion-responsive-typography-calculated\" data-fontsize=\"32\" data-lineheight=\"41.6px\">\u00a7 12 Hinweis gem\u00e4\u00df Batteriegesetz<\/h3><p>Da in unseren Sendungen Batterien und Akkus enthalten sein k\u00f6nnen, sind wir nach dem Batteriegesetz (BattG) verpflichtet, Sie auf Folgendes hinzuweisen: Batterien und Akkus d\u00fcrfen nicht im Hausm\u00fcll entsorgt werden, sondern Sie sind zur R\u00fcckgabe gebrauchter Batterien und Akkus gesetzlich verpflichtet. Altbatterien k\u00f6nnen Schadstoffe enthalten, die bei nicht sachgem\u00e4\u00dfer Lagerung oder Entsorgung die Umwelt oder Ihre Gesundheit sch\u00e4digen k\u00f6nnen. Batterien enthalten aber auch wichtige Rohstoffe wie z.B. Eisen, Zink, Mangan oder Nickel und k\u00f6nnen verwertet werden. Sie k\u00f6nnen die Batterien nach Gebrauch entweder an uns zur\u00fccksenden oder in unmittelbarer N\u00e4he (z.B. im Handel oder in kommunalen Sammelstellen oder in unserem Versandlager) unentgeltlich zur\u00fcckgegeben. Die Abgabe in Verkaufsstellen ist dabei auf f\u00fcr Endnutzer f\u00fcr die \u00fcbliche Mengen sowie solche Altbatterien beschr\u00e4nkt, die der Vertreiber als Neubatterien in seinem Sortiment f\u00fchrt oder gef\u00fchrt hat.<br \/>Das Zeichen mit der durchgekreuzten M\u00fclltonne bedeutet, dass Sie Batterien und Akkus nicht im Hausm\u00fcll entsorgen d\u00fcrfen. Unter diesem Zeichen finden Sie zus\u00e4tzlich nachstehende Symbole mit folgender Bedeutung: Pb: Batterie enth\u00e4lt Blei Cd: Batterie enth\u00e4lt Cadmium Hg: Batterie enth\u00e4lt Quecksilber.<\/p><h3 class=\"fusion-responsive-typography-calculated\" data-fontsize=\"32\" data-lineheight=\"41.6px\">\u00a7 13 Erf\u00fcllungsort<\/h3><p>1. Erf\u00fcllungsort f\u00fcr beide Teile ist Lehrte<\/p><h3 class=\"fusion-responsive-typography-calculated\" data-fontsize=\"32\" data-lineheight=\"41.6px\">\u00a7 14 Verbindlichkeit des Vertrages, Gerichtsstand und Recht<\/h3><p>1. Die Unwirksamkeit einzelner vertraglicher Bestimmungen ber\u00fchrt die G\u00fcltigkeit der \u00fcbrigen Bestimmungen nicht. Die Parteien verpflichten sich, den mit einer unwirksamen Klausel erstrebten wirtschaftlichen Erfolg auf andere, rechtlich zul\u00e4ssige Weise m\u00f6glichst weitgehend zu sichern.<\/p><p>2. Gerichtsstand f\u00fcr alle Rechte und Pflichten auch aus Wechsel und Schecks ist Lehrte, soweit die Besteller\/K\u00e4ufer Unternehmer, juristische Personen des \u00f6ffentlichen Rechtes und Besteller\/K\u00e4ufer, die keinen allgemeinen Gerichtsstand im Inland haben, sind. Dies gilt auch f\u00fcr diejenigen, die f\u00fcr Verpflichtungen des Besteller\/K\u00e4ufer haften. Wir sind in allen F\u00e4llen berechtigt, nach unserer Wahl gerichtlich auch am Sitz des Besteller\/K\u00e4ufer vorzugehen.<\/p><p>3. Es gilt ausschlie\u00dflich deutsches Recht.<\/p><p>Stand 28.10.2013<\/p><h3 class=\"fusion-responsive-typography-calculated\" data-fontsize=\"32\" data-lineheight=\"41.6px\">Salvatorische Klausel<\/h3><p>\u201eSollten einzelne Bestimmungen dieses Vertrages unwirksam oder undurchf\u00fchrbar sein oder nach Vertragsschluss unwirksam oder undurchf\u00fchrbar werden, bleibt davon die Wirksamkeit des Vertrages im \u00dcbrigen unber\u00fchrt. An die Stelle der unwirksamen oder undurchf\u00fchrbaren Bestimmung soll diejenige wirksame und durchf\u00fchrbare Regelung treten, deren Wirkungen der wirtschaftlichen Zielsetzung am n\u00e4chsten kommen, die die Vertragsparteien mit der unwirksamen bzw. undurchf\u00fchrbaren Bestimmung verfolgt haben. Die vorstehenden Bestimmungen gelten entsprechend f\u00fcr den Fall, dass sich der Vertrag als l\u00fcckenhaft erweist.\u201c<\/p><\/div><\/div><\/div>\t\t\t\t\t\t\t\t<\/div>\n\t\t\t\t\t<\/div>\n\t\t\t\t<\/div>\n\t\t\t\t<\/div>\n\t\t","protected":false},"excerpt":{"rendered":"<p>Allgemeine Gesch\u00e4ftsbedingungen PCH Gro\u00dfk\u00fcchentechnik &amp; Kaffeesysteme GmbH \u00a7 1 Allgemeines 1. Unsere Lieferungen und Leistungen erfolgen ausschlie\u00dflich aufgrund der nachstehenden [&hellip;]<\/p>\n","protected":false},"author":1,"featured_media":0,"parent":0,"menu_order":0,"comment_status":"closed","ping_status":"closed","template":"","meta":{"site-sidebar-layout":"no-sidebar","site-content-layout":"","ast-site-content-layout":"full-width-container","site-content-style":"default","site-sidebar-style":"default","ast-global-header-display":"","ast-banner-title-visibility":"","ast-main-header-display":"","ast-hfb-above-header-display":"","ast-hfb-below-header-display":"","ast-hfb-mobile-header-display":"","site-post-title":"disabled","ast-breadcrumbs-content":"","ast-featured-img":"disabled","footer-sml-layout":"","ast-disable-related-posts":"","theme-transparent-header-meta":"","adv-header-id-meta":"","stick-header-meta":"","header-above-stick-meta":"","header-main-stick-meta":"","header-below-stick-meta":"","astra-migrate-meta-layouts":"default","ast-page-background-enabled":"default","ast-page-background-meta":{"desktop":{"background-color":"var(--ast-global-color-5)","background-image":"","background-repeat":"repeat","background-position":"center center","background-size":"auto","background-attachment":"scroll","background-type":"","background-media":"","overlay-type":"","overlay-color":"","overlay-opacity":"","overlay-gradient":""},"tablet":{"background-color":"","background-image":"","background-repeat":"repeat","background-position":"center center","background-size":"auto","background-attachment":"scroll","background-type":"","background-media":"","overlay-type":"","overlay-color":"","overlay-opacity":"","overlay-gradient":""},"mobile":{"background-color":"","background-image":"","background-repeat":"repeat","background-position":"center center","background-size":"auto","background-attachment":"scroll","background-type":"","background-media":"","overlay-type":"","overlay-color":"","overlay-opacity":"","overlay-gradient":""}},"ast-content-background-meta":{"desktop":{"background-color":"var(--ast-global-color-4)","background-image":"","background-repeat":"repeat","background-position":"center center","background-size":"auto","background-attachment":"scroll","background-type":"","background-media":"","overlay-type":"","overlay-color":"","overlay-opacity":"","overlay-gradient":""},"tablet":{"background-color":"var(--ast-global-color-4)","background-image":"","background-repeat":"repeat","background-position":"center center","background-size":"auto","background-attachment":"scroll","background-type":"","background-media":"","overlay-type":"","overlay-color":"","overlay-opacity":"","overlay-gradient":""},"mobile":{"background-color":"var(--ast-global-color-4)","background-image":"","background-repeat":"repeat","background-position":"center center","background-size":"auto","background-attachment":"scroll","background-type":"","background-media":"","overlay-type":"","overlay-color":"","overlay-opacity":"","overlay-gradient":""}},"footnotes":""},"class_list":["post-263","page","type-page","status-publish","hentry"],"_links":{"self":[{"href":"https:\/\/jovial-rhodes.93-90-192-35.plesk.page\/index.php\/wp-json\/wp\/v2\/pages\/263","targetHints":{"allow":["GET"]}}],"collection":[{"href":"https:\/\/jovial-rhodes.93-90-192-35.plesk.page\/index.php\/wp-json\/wp\/v2\/pages"}],"about":[{"href":"https:\/\/jovial-rhodes.93-90-192-35.plesk.page\/index.php\/wp-json\/wp\/v2\/types\/page"}],"author":[{"embeddable":true,"href":"https:\/\/jovial-rhodes.93-90-192-35.plesk.page\/index.php\/wp-json\/wp\/v2\/users\/1"}],"replies":[{"embeddable":true,"href":"https:\/\/jovial-rhodes.93-90-192-35.plesk.page\/index.php\/wp-json\/wp\/v2\/comments?post=263"}],"version-history":[{"count":4,"href":"https:\/\/jovial-rhodes.93-90-192-35.plesk.page\/index.php\/wp-json\/wp\/v2\/pages\/263\/revisions"}],"predecessor-version":[{"id":279,"href":"https:\/\/jovial-rhodes.93-90-192-35.plesk.page\/index.php\/wp-json\/wp\/v2\/pages\/263\/revisions\/279"}],"wp:attachment":[{"href":"https:\/\/jovial-rhodes.93-90-192-35.plesk.page\/index.php\/wp-json\/wp\/v2\/media?parent=263"}],"curies":[{"name":"wp","href":"https:\/\/api.w.org\/{rel}","templated":true}]}}