{"id":33,"date":"2025-07-18T13:50:05","date_gmt":"2025-07-18T13:50:05","guid":{"rendered":"https:\/\/jovial-rhodes.93-90-192-35.plesk.page\/?page_id=33"},"modified":"2025-11-11T14:45:46","modified_gmt":"2025-11-11T14:45:46","slug":"grosskuechentechnik","status":"publish","type":"page","link":"https:\/\/jovial-rhodes.93-90-192-35.plesk.page\/index.php\/grosskuechentechnik\/","title":{"rendered":"Gro\u00dfk\u00fcchentechnik"},"content":{"rendered":"\t\t<div data-elementor-type=\"wp-page\" data-elementor-id=\"33\" class=\"elementor elementor-33\">\n\t\t\t\t<div class=\"elementor-element elementor-element-881a878 e-con-full e-flex e-con e-parent\" data-id=\"881a878\" data-element_type=\"container\" data-e-type=\"container\">\n\t\t<div class=\"elementor-element elementor-element-ccc3c19 e-con-full e-flex e-con e-child\" data-id=\"ccc3c19\" data-element_type=\"container\" data-e-type=\"container\">\n\t\t\t\t<div class=\"elementor-element elementor-element-bbb4ee0 elementor-widget elementor-widget-text-editor\" data-id=\"bbb4ee0\" data-element_type=\"widget\" data-e-type=\"widget\" data-widget_type=\"text-editor.default\">\n\t\t\t\t\t\t\t\t\t<div class=\"fusion-title title fusion-title-1 fusion-sep-none fusion-title-center fusion-title-text fusion-title-size-one fusion-border-below-title\"><h1 class=\"title-heading-center fusion-responsive-typography-calculated\" data-fontsize=\"54\" data-lineheight=\"62.6333px\">Gro\u00dfk\u00fcchentechnik<\/h1><\/div><div class=\"fusion-separator\"><div class=\"fusion-separator-border sep-single sep-solid\">\u00a0<\/div><\/div><div class=\"fusion-text fusion-text-1\"><p>Als zertifizierter Fachbetrieb beraten wir Sie pers\u00f6nlich von Planung bis Fertigstellung.<br \/>Wir sind Fachhandelspartner f\u00fchrender Hersteller aus den Bereichen K\u00fcchengro\u00dfger\u00e4te, Mobiliar, Thermik, K\u00fchl- und Sp\u00fcltechnik.<\/p><\/div>\t\t\t\t\t\t\t\t<\/div>\n\t\t<div class=\"elementor-element elementor-element-1eb242b e-con-full e-flex elementor-invisible e-con e-child\" data-id=\"1eb242b\" data-element_type=\"container\" data-e-type=\"container\" data-settings=\"{&quot;background_background&quot;:&quot;gradient&quot;,&quot;animation&quot;:&quot;fadeInLeft&quot;}\">\n\t\t<div class=\"elementor-element elementor-element-0bf408c e-con-full e-flex e-con e-child\" data-id=\"0bf408c\" data-element_type=\"container\" data-e-type=\"container\">\n\t\t\t\t<div class=\"elementor-element elementor-element-8a07f21 elementor-widget elementor-widget-image\" data-id=\"8a07f21\" data-element_type=\"widget\" data-e-type=\"widget\" data-widget_type=\"image.default\">\n\t\t\t\t\t\t\t\t\t\t\t\t\t\t\t<img fetchpriority=\"high\" decoding=\"async\" width=\"1024\" height=\"975\" src=\"https:\/\/jovial-rhodes.93-90-192-35.plesk.page\/wp-content\/uploads\/2025\/07\/Grosskuechentechnik-01-1024x975.jpg\" class=\"attachment-large size-large wp-image-347\" alt=\"\" srcset=\"https:\/\/jovial-rhodes.93-90-192-35.plesk.page\/wp-content\/uploads\/2025\/07\/Grosskuechentechnik-01-1024x975.jpg 1024w, https:\/\/jovial-rhodes.93-90-192-35.plesk.page\/wp-content\/uploads\/2025\/07\/Grosskuechentechnik-01-300x286.jpg 300w, https:\/\/jovial-rhodes.93-90-192-35.plesk.page\/wp-content\/uploads\/2025\/07\/Grosskuechentechnik-01-768x731.jpg 768w, https:\/\/jovial-rhodes.93-90-192-35.plesk.page\/wp-content\/uploads\/2025\/07\/Grosskuechentechnik-01-1536x1463.jpg 1536w, https:\/\/jovial-rhodes.93-90-192-35.plesk.page\/wp-content\/uploads\/2025\/07\/Grosskuechentechnik-01-2048x1950.jpg 2048w\" sizes=\"(max-width: 1024px) 100vw, 1024px\" \/>\t\t\t\t\t\t\t\t\t\t\t\t\t\t\t<\/div>\n\t\t\t\t<\/div>\n\t\t<div class=\"elementor-element elementor-element-269495c e-con-full e-flex e-con e-child\" data-id=\"269495c\" data-element_type=\"container\" data-e-type=\"container\">\n\t\t\t\t<div class=\"elementor-element elementor-element-ab64842 elementor-align-center elementor-widget elementor-widget-button\" data-id=\"ab64842\" data-element_type=\"widget\" data-e-type=\"widget\" data-widget_type=\"button.default\">\n\t\t\t\t\t\t\t\t\t\t<a class=\"elementor-button elementor-button-link elementor-size-sm\" href=\"\/index.php\/kontakt\/\">\n\t\t\t\t\t\t<span class=\"elementor-button-content-wrapper\">\n\t\t\t\t\t\t\t\t\t<span class=\"elementor-button-text\">Kontakt aufnehmen<\/span>\n\t\t\t\t\t<\/span>\n\t\t\t\t\t<\/a>\n\t\t\t\t\t\t\t\t<\/div>\n\t\t\t\t<div class=\"elementor-element elementor-element-e69999a elementor-widget elementor-widget-text-editor\" data-id=\"e69999a\" data-element_type=\"widget\" data-e-type=\"widget\" data-widget_type=\"text-editor.default\">\n\t\t\t\t\t\t\t\t\t<div class=\"fusion-text fusion-text-2\"><h2 class=\"fusion-responsive-typography-calculated\" data-fontsize=\"40\" data-lineheight=\"48px\">Gro\u00dfk\u00fcchentechnik<\/h2><\/div><div class=\"fusion-separator\"><div class=\"fusion-separator-border sep-single sep-solid\">\u00a0<\/div><\/div><div class=\"fusion-text fusion-text-3\"><div>Die Ger\u00e4te in Gro\u00dfk\u00fcchen m\u00fcssen die Anforderungen und Arbeitsabl\u00e4ufe des t\u00e4glichen Gesch\u00e4fts erf\u00fcllen und auch hohen Belastungen in Spitzenzeiten standhalten.<br \/>Eine Individuelle Planung Ihrer K\u00fcche erm\u00f6glicht den bedarfsgerechten Einsatz moderner Technik.<br \/>Mit optimierten Ablaufplanungen f\u00fcr Arbeits- und Hygieneabl\u00e4ufen unterst\u00fctzen wir Ihren Bauantrag bei den entsprechenden \u00c4mtern.<br \/>Die gewohnten Arbeitsabl\u00e4ufe sowie die ben\u00f6tigte Leistung des Ger\u00e4tes wird genauso wie die gew\u00fcnschte Qualit\u00e4t ber\u00fccksichtigt. Hierbei helfen uns verschiedene Markenhersteller mit raffinierten technischen L\u00f6sungen und eindrucksvollen Innovationen.<br \/>Durch den Einsatz verschiedener Planungsprogramme ist es uns m\u00f6glich, Ihre K\u00fcche und die dazugeh\u00f6rigen R\u00e4ume zu visualisieren. Dadurch erhalten Sie eine genaue Vorstellung Ihrer Profik\u00fcche.<br \/>Unser Planungsteam erstellt f\u00fcr Sie die Installations- und Grundrisspl\u00e4ne, damit ein reibungsloser Ablauf w\u00e4hrend der Bauphase erm\u00f6glicht wird. Wir unterst\u00fctzen oder leiten die Baubesprechung um einen effektiven Bauablauf zu gew\u00e4hrleisten.<\/div><\/div>\t\t\t\t\t\t\t\t<\/div>\n\t\t\t\t<\/div>\n\t\t\t\t<\/div>\n\t\t<div class=\"elementor-element elementor-element-e095fe1 e-flex e-con-boxed e-con e-child\" data-id=\"e095fe1\" data-element_type=\"container\" data-e-type=\"container\">\n\t\t\t\t\t<div class=\"e-con-inner\">\n\t\t\t\t<div class=\"elementor-element elementor-element-fcdb1e3 elementor-widget-divider--view-line elementor-widget elementor-widget-divider\" data-id=\"fcdb1e3\" data-element_type=\"widget\" data-e-type=\"widget\" data-widget_type=\"divider.default\">\n\t\t\t\t\t\t\t<div class=\"elementor-divider\">\n\t\t\t<span class=\"elementor-divider-separator\">\n\t\t\t\t\t\t<\/span>\n\t\t<\/div>\n\t\t\t\t\t\t<\/div>\n\t\t\t\t<div class=\"elementor-element elementor-element-128bc84 elementor-widget__width-inherit elementor-widget elementor-widget-text-editor\" data-id=\"128bc84\" data-element_type=\"widget\" data-e-type=\"widget\" data-widget_type=\"text-editor.default\">\n\t\t\t\t\t\t\t\t\t<div class=\"fusion-title title fusion-title-2 fusion-sep-none fusion-title-center fusion-title-text fusion-title-size-two fusion-border-below-title\"><p>\u00a0 \u00a0\u00a0<\/p><h3>\u00a0 \u00a0 \u00a0 Ihre Ansprechpartner<\/h3><\/div><div class=\"fusion-separator\"><div class=\"fusion-separator-border sep-single sep-solid\">\u00a0<\/div><\/div><div class=\"fusion-text fusion-text-6\"><p><strong>Schnelle und fachgerechte Beratung erhalten Sie bei uns im Innen \u2013 und Au\u00dfendienst. Gerne stellen wir Ihnen Ihre Ansprechpartner vor.<\/strong><\/p><\/div>\t\t\t\t\t\t\t\t<\/div>\n\t\t\t\t<div class=\"elementor-element elementor-element-b6bc95a elementor-widget-divider--view-line elementor-widget elementor-widget-divider\" data-id=\"b6bc95a\" data-element_type=\"widget\" data-e-type=\"widget\" data-widget_type=\"divider.default\">\n\t\t\t\t\t\t\t<div class=\"elementor-divider\">\n\t\t\t<span class=\"elementor-divider-separator\">\n\t\t\t\t\t\t<\/span>\n\t\t<\/div>\n\t\t\t\t\t\t<\/div>\n\t\t<div class=\"elementor-element elementor-element-ff94f48 e-con-full e-flex e-con e-child\" data-id=\"ff94f48\" data-element_type=\"container\" data-e-type=\"container\">\n\t\t\t\t<div class=\"elementor-element elementor-element-6f2c9c4 elementor-widget elementor-widget-image\" data-id=\"6f2c9c4\" data-element_type=\"widget\" data-e-type=\"widget\" data-widget_type=\"image.default\">\n\t\t\t\t\t\t\t\t\t\t\t\t\t\t\t<img decoding=\"async\" width=\"141\" height=\"141\" src=\"https:\/\/jovial-rhodes.93-90-192-35.plesk.page\/wp-content\/uploads\/2025\/07\/Hartmann-klein.webp\" class=\"attachment-medium size-medium wp-image-280\" alt=\"\" \/>\t\t\t\t\t\t\t\t\t\t\t\t\t\t\t<\/div>\n\t\t\t\t<\/div>\n\t\t<div class=\"elementor-element elementor-element-adb81e8 e-con-full e-flex e-con e-child\" data-id=\"adb81e8\" data-element_type=\"container\" data-e-type=\"container\">\n\t\t\t\t<div class=\"elementor-element elementor-element-5bdc806 elementor-widget elementor-widget-image\" data-id=\"5bdc806\" data-element_type=\"widget\" data-e-type=\"widget\" data-widget_type=\"image.default\">\n\t\t\t\t\t\t\t\t\t\t\t\t\t\t\t<img decoding=\"async\" width=\"141\" height=\"141\" src=\"https:\/\/jovial-rhodes.93-90-192-35.plesk.page\/wp-content\/uploads\/2025\/07\/Knabe-klein.webp\" class=\"attachment-medium size-medium wp-image-284\" alt=\"\" \/>\t\t\t\t\t\t\t\t\t\t\t\t\t\t\t<\/div>\n\t\t\t\t<\/div>\n\t\t<div class=\"elementor-element elementor-element-f25d921 e-con-full e-flex e-con e-child\" data-id=\"f25d921\" data-element_type=\"container\" data-e-type=\"container\">\n\t\t\t\t<div class=\"elementor-element elementor-element-7b86826 elementor-widget elementor-widget-image\" data-id=\"7b86826\" data-element_type=\"widget\" data-e-type=\"widget\" data-widget_type=\"image.default\">\n\t\t\t\t\t\t\t\t\t\t\t\t\t\t\t<img loading=\"lazy\" decoding=\"async\" width=\"141\" height=\"141\" src=\"https:\/\/jovial-rhodes.93-90-192-35.plesk.page\/wp-content\/uploads\/2025\/08\/Neumann-klein.jpg\" class=\"attachment-medium size-medium wp-image-417\" alt=\"\" \/>\t\t\t\t\t\t\t\t\t\t\t\t\t\t\t<\/div>\n\t\t\t\t<\/div>\n\t\t<div class=\"elementor-element elementor-element-78df269 e-con-full e-flex e-con e-child\" data-id=\"78df269\" data-element_type=\"container\" data-e-type=\"container\">\n\t\t\t\t<div class=\"elementor-element elementor-element-b836a2f elementor-widget elementor-widget-text-editor\" data-id=\"b836a2f\" data-element_type=\"widget\" data-e-type=\"widget\" data-widget_type=\"text-editor.default\">\n\t\t\t\t\t\t\t\t\t<div class=\"person-desc\"><div class=\"person-author\"><h3 class=\"person-author-wrapper\"><span class=\"person-name\">Peter C. Hartmann<\/span><\/h3><div>\u00a0<\/div><div class=\"person-author-wrapper\"><strong><span class=\"person-title\">Gesch\u00e4ftsf\u00fchrer<\/span><\/strong><\/div><div>\u00a0<\/div><\/div><div class=\"person-content fusion-clearfix\"><p>Berater und Fachplaner f\u00fcr Gastronomie- und Gro\u00dfk\u00fcchenkonzepte<\/p><p><i class=\"fb-icon-element-1 fb-icon-element fontawesome-icon fa-phone fas circle-no\">\u00a0<\/i>05132 \u2013 54 1 54<\/p><div class=\"mailhover\"><a href=\"mailto:peter.c.hartmann@pch-online.de\">peter.c.hartmann@pch-online.de<\/a><\/div><\/div><\/div><div>\u00a0<\/div><div>\u00a0<\/div><div>\u00a0<\/div><div>\u00a0<\/div>\t\t\t\t\t\t\t\t<\/div>\n\t\t\t\t<\/div>\n\t\t<div class=\"elementor-element elementor-element-f178335 e-con-full e-flex e-con e-child\" data-id=\"f178335\" data-element_type=\"container\" data-e-type=\"container\">\n\t\t\t\t<div class=\"elementor-element elementor-element-b709591 elementor-widget elementor-widget-text-editor\" data-id=\"b709591\" data-element_type=\"widget\" data-e-type=\"widget\" data-widget_type=\"text-editor.default\">\n\t\t\t\t\t\t\t\t\t<div class=\"person-desc\"><div class=\"person-author\"><h3 class=\"person-author-wrapper\"><span class=\"person-name\">Ralf Knabe<\/span><\/h3><\/div><\/div><div>\u00a0<\/div><div><strong><span class=\"person-title\">Projektleiter<\/span><\/strong><\/div><div class=\"person-desc\"><div class=\"person-author\"><div>\u00a0<\/div><\/div><div class=\"person-content fusion-clearfix\"><p>Key Account &amp; Fachplaner f\u00fcr Gro\u00dfk\u00fcchen und Speisenverteilung<\/p><p>05132 \u2013 54 1 54<\/p><div class=\"mailhover\"><a href=\"mailto:ralf.knabe@pch-online.de\">ralf.knabe@pch-online.de<\/a><\/div><\/div><\/div>\t\t\t\t\t\t\t\t<\/div>\n\t\t\t\t<\/div>\n\t\t<div class=\"elementor-element elementor-element-6a02714 e-con-full e-flex e-con e-child\" data-id=\"6a02714\" data-element_type=\"container\" data-e-type=\"container\">\n\t\t\t\t<div class=\"elementor-element elementor-element-4b450a0 elementor-widget elementor-widget-text-editor\" data-id=\"4b450a0\" data-element_type=\"widget\" data-e-type=\"widget\" data-widget_type=\"text-editor.default\">\n\t\t\t\t\t\t\t\t\t<div class=\"person-desc\"><div class=\"person-author\"><h3 class=\"person-author-wrapper\"><span class=\"person-name\">Andre Neumann<\/span><\/h3><\/div><\/div><div class=\"person-desc\"><div>\u00a0<\/div><div class=\"person-author\"><strong><span class=\"person-title\">Au\u00dfendienstmitarbeiter<\/span><\/strong><\/div><div>\u00a0<\/div><div class=\"person-author\">Fachberater f\u00fcr Gro\u00dfk\u00fcchen und Sp\u00fcltechnik &amp; Anwenderschulungen<br class=\"clear\" \/><br class=\"clear\" \/><\/div><div class=\"person-content fusion-clearfix\"><p>0177 \u2013 3952164<\/p><div class=\"mailhover\"><a href=\"mailto:andre.neumann@pch-online.de\">andre.neumann@pch-online.de<\/a><\/div><\/div><\/div><div>\u00a0<\/div><div>\u00a0<\/div>\t\t\t\t\t\t\t\t<\/div>\n\t\t\t\t<\/div>\n\t\t<div class=\"elementor-element elementor-element-239c564 e-con-full e-flex e-con e-child\" data-id=\"239c564\" data-element_type=\"container\" data-e-type=\"container\">\n\t\t\t\t<div class=\"elementor-element elementor-element-5c49f8b elementor-widget-divider--view-line elementor-widget elementor-widget-divider\" data-id=\"5c49f8b\" data-element_type=\"widget\" data-e-type=\"widget\" data-widget_type=\"divider.default\">\n\t\t\t\t\t\t\t<div class=\"elementor-divider\">\n\t\t\t<span class=\"elementor-divider-separator\">\n\t\t\t\t\t\t<\/span>\n\t\t<\/div>\n\t\t\t\t\t\t<\/div>\n\t\t<div class=\"elementor-element elementor-element-93446f2 e-con-full e-flex e-con e-child\" data-id=\"93446f2\" data-element_type=\"container\" data-e-type=\"container\">\n\t\t\t\t<div class=\"elementor-element elementor-element-150c596 elementor-widget elementor-widget-image\" data-id=\"150c596\" data-element_type=\"widget\" data-e-type=\"widget\" data-widget_type=\"image.default\">\n\t\t\t\t\t\t\t\t\t\t\t\t\t\t\t<img loading=\"lazy\" decoding=\"async\" width=\"141\" height=\"141\" src=\"https:\/\/jovial-rhodes.93-90-192-35.plesk.page\/wp-content\/uploads\/2025\/08\/Beckmann-klein.jpg\" class=\"attachment-medium size-medium wp-image-421\" alt=\"\" \/>\t\t\t\t\t\t\t\t\t\t\t\t\t\t\t<\/div>\n\t\t\t\t<\/div>\n\t\t<div class=\"elementor-element elementor-element-12a341f e-con-full e-flex e-con e-child\" data-id=\"12a341f\" data-element_type=\"container\" data-e-type=\"container\">\n\t\t\t\t<div class=\"elementor-element elementor-element-33ff5a8 elementor-widget elementor-widget-image\" data-id=\"33ff5a8\" data-element_type=\"widget\" data-e-type=\"widget\" data-widget_type=\"image.default\">\n\t\t\t\t\t\t\t\t\t\t\t\t\t\t\t<img loading=\"lazy\" decoding=\"async\" width=\"200\" height=\"200\" src=\"https:\/\/jovial-rhodes.93-90-192-35.plesk.page\/wp-content\/uploads\/2025\/07\/02-PCH-Logo-1.png\" class=\"attachment-medium size-medium wp-image-121\" alt=\"\" srcset=\"https:\/\/jovial-rhodes.93-90-192-35.plesk.page\/wp-content\/uploads\/2025\/07\/02-PCH-Logo-1.png 200w, https:\/\/jovial-rhodes.93-90-192-35.plesk.page\/wp-content\/uploads\/2025\/07\/02-PCH-Logo-1-150x150.png 150w\" sizes=\"(max-width: 200px) 100vw, 200px\" \/>\t\t\t\t\t\t\t\t\t\t\t\t\t\t\t<\/div>\n\t\t\t\t<\/div>\n\t\t<div class=\"elementor-element elementor-element-1b0b307 e-con-full e-flex e-con e-child\" data-id=\"1b0b307\" data-element_type=\"container\" data-e-type=\"container\">\n\t\t\t\t<div class=\"elementor-element elementor-element-1a2b174 elementor-widget elementor-widget-image\" data-id=\"1a2b174\" data-element_type=\"widget\" data-e-type=\"widget\" data-widget_type=\"image.default\">\n\t\t\t\t\t\t\t\t\t\t\t\t\t\t\t<img loading=\"lazy\" decoding=\"async\" width=\"141\" height=\"141\" src=\"https:\/\/jovial-rhodes.93-90-192-35.plesk.page\/wp-content\/uploads\/2025\/08\/Scheidt-klein.jpg\" class=\"attachment-medium size-medium wp-image-422\" alt=\"\" \/>\t\t\t\t\t\t\t\t\t\t\t\t\t\t\t<\/div>\n\t\t\t\t<\/div>\n\t\t<div class=\"elementor-element elementor-element-3af8bbb e-con-full e-flex e-con e-child\" data-id=\"3af8bbb\" data-element_type=\"container\" data-e-type=\"container\">\n\t\t\t\t<div class=\"elementor-element elementor-element-7fb18da elementor-widget elementor-widget-text-editor\" data-id=\"7fb18da\" data-element_type=\"widget\" data-e-type=\"widget\" data-widget_type=\"text-editor.default\">\n\t\t\t\t\t\t\t\t\t<div class=\"person-desc\"><div class=\"person-author\"><h3 class=\"person-author-wrapper\"><span class=\"person-name\">Matthias Beckmann<\/span><\/h3><div>\u00a0<\/div><div class=\"person-author-wrapper\"><strong><span class=\"person-title\">Vertriebsinnendienst<\/span><\/strong><\/div><div>\u00a0<\/div><\/div><div class=\"person-content fusion-clearfix\"><p>Fachberater f\u00fcr Gastronomie und Hotellerie<\/p><p><i class=\"fb-icon-element-1 fb-icon-element fontawesome-icon fa-phone fas circle-no\">\u00a0<\/i>05132 \u2013 54 1 54<\/p><div class=\"mailhover\"><a href=\"mailto:matthias.beckmann@pch-online.de\">matthias.beckmann@pch-online.de<\/a><\/div><\/div><\/div><div>\u00a0<\/div><div>\u00a0<\/div><div>\u00a0<\/div><div>\u00a0<\/div>\t\t\t\t\t\t\t\t<\/div>\n\t\t\t\t<\/div>\n\t\t<div class=\"elementor-element elementor-element-6beaec1 e-con-full e-flex e-con e-child\" data-id=\"6beaec1\" data-element_type=\"container\" data-e-type=\"container\">\n\t\t\t\t<div class=\"elementor-element elementor-element-5aff9e3 elementor-widget elementor-widget-text-editor\" data-id=\"5aff9e3\" data-element_type=\"widget\" data-e-type=\"widget\" data-widget_type=\"text-editor.default\">\n\t\t\t\t\t\t\t\t\t<div class=\"person-desc\"><div class=\"person-author\"><h3 class=\"person-author-wrapper\"><span class=\"person-name\">Kevin Witte<\/span><\/h3><\/div><\/div><div>\u00a0<\/div><div><strong><span class=\"person-title\">Vetriebsinnendienst<\/span><\/strong><\/div><div class=\"person-desc\"><div class=\"person-author\"><div>\u00a0<\/div><\/div><div class=\"person-content fusion-clearfix\"><p>Fachberate f\u00fcr Gastronomie und Hotellerie<\/p><p>05132 \u2013 54 1 54<\/p><div class=\"mailhover\"><a href=\"mailto:kevin.witte@pch-online.de\">kevin.witte@pch-online.de<\/a><\/div><\/div><\/div>\t\t\t\t\t\t\t\t<\/div>\n\t\t\t\t<\/div>\n\t\t<div class=\"elementor-element elementor-element-fbed365 e-con-full e-flex e-con e-child\" data-id=\"fbed365\" data-element_type=\"container\" data-e-type=\"container\">\n\t\t\t\t<div class=\"elementor-element elementor-element-c2a4a33 elementor-widget elementor-widget-text-editor\" data-id=\"c2a4a33\" data-element_type=\"widget\" data-e-type=\"widget\" data-widget_type=\"text-editor.default\">\n\t\t\t\t\t\t\t\t\t<div class=\"person-desc\"><div class=\"person-author\"><h3 class=\"person-author-wrapper\"><span class=\"person-name\">Ralf Scheidt<\/span><\/h3><\/div><\/div><div class=\"person-desc\"><div>\u00a0<\/div><div class=\"person-author\"><strong><span class=\"person-title\">Buchhaltung<\/span><\/strong><\/div><div>\u00a0<\/div><div class=\"person-author\">EDV &amp; Buchhaltung<br class=\"clear\" \/><br class=\"clear\" \/><\/div><div class=\"person-content fusion-clearfix\"><p>05132 &#8211; 54 1 54<\/p><div class=\"mailhover\"><a href=\"mailto:ralf.scheidt@pch-online.de\">ralf.scheidt@pch-online.de<\/a><\/div><\/div><\/div><div>\u00a0<\/div><div>\u00a0<\/div>\t\t\t\t\t\t\t\t<\/div>\n\t\t\t\t<\/div>\n\t\t\t\t<\/div>\n\t\t\t\t\t<\/div>\n\t\t\t\t<\/div>\n\t\t\t\t<\/div>\n\t\t\t\t<\/div>\n\t\t\t\t<\/div>\n\t\t","protected":false},"excerpt":{"rendered":"<p>Gro\u00dfk\u00fcchentechnik \u00a0 Als zertifizierter Fachbetrieb beraten wir Sie pers\u00f6nlich von Planung bis Fertigstellung.Wir sind Fachhandelspartner f\u00fchrender Hersteller aus den Bereichen [&hellip;]<\/p>\n","protected":false},"author":1,"featured_media":0,"parent":0,"menu_order":0,"comment_status":"closed","ping_status":"closed","template":"","meta":{"site-sidebar-layout":"no-sidebar","site-content-layout":"","ast-site-content-layout":"full-width-container","site-content-style":"default","site-sidebar-style":"default","ast-global-header-display":"","ast-banner-title-visibility":"","ast-main-header-display":"","ast-hfb-above-header-display":"","ast-hfb-below-header-display":"","ast-hfb-mobile-header-display":"","site-post-title":"","ast-breadcrumbs-content":"","ast-featured-img":"disabled","footer-sml-layout":"","ast-disable-related-posts":"","theme-transparent-header-meta":"","adv-header-id-meta":"","stick-header-meta":"","header-above-stick-meta":"","header-main-stick-meta":"","header-below-stick-meta":"","astra-migrate-meta-layouts":"default","ast-page-background-enabled":"default","ast-page-background-meta":{"desktop":{"background-color":"var(--ast-global-color-5)","background-image":"","background-repeat":"repeat","background-position":"center center","background-size":"auto","background-attachment":"scroll","background-type":"","background-media":"","overlay-type":"","overlay-color":"","overlay-opacity":"","overlay-gradient":""},"tablet":{"background-color":"","background-image":"","background-repeat":"repeat","background-position":"center center","background-size":"auto","background-attachment":"scroll","background-type":"","background-media":"","overlay-type":"","overlay-color":"","overlay-opacity":"","overlay-gradient":""},"mobile":{"background-color":"","background-image":"","background-repeat":"repeat","background-position":"center center","background-size":"auto","background-attachment":"scroll","background-type":"","background-media":"","overlay-type":"","overlay-color":"","overlay-opacity":"","overlay-gradient":""}},"ast-content-background-meta":{"desktop":{"background-color":"var(--ast-global-color-4)","background-image":"","background-repeat":"repeat","background-position":"center center","background-size":"auto","background-attachment":"scroll","background-type":"","background-media":"","overlay-type":"","overlay-color":"","overlay-opacity":"","overlay-gradient":""},"tablet":{"background-color":"var(--ast-global-color-4)","background-image":"","background-repeat":"repeat","background-position":"center center","background-size":"auto","background-attachment":"scroll","background-type":"","background-media":"","overlay-type":"","overlay-color":"","overlay-opacity":"","overlay-gradient":""},"mobile":{"background-color":"var(--ast-global-color-4)","background-image":"","background-repeat":"repeat","background-position":"center center","background-size":"auto","background-attachment":"scroll","background-type":"","background-media":"","overlay-type":"","overlay-color":"","overlay-opacity":"","overlay-gradient":""}},"footnotes":""},"class_list":["post-33","page","type-page","status-publish","hentry"],"_links":{"self":[{"href":"https:\/\/jovial-rhodes.93-90-192-35.plesk.page\/index.php\/wp-json\/wp\/v2\/pages\/33","targetHints":{"allow":["GET"]}}],"collection":[{"href":"https:\/\/jovial-rhodes.93-90-192-35.plesk.page\/index.php\/wp-json\/wp\/v2\/pages"}],"about":[{"href":"https:\/\/jovial-rhodes.93-90-192-35.plesk.page\/index.php\/wp-json\/wp\/v2\/types\/page"}],"author":[{"embeddable":true,"href":"https:\/\/jovial-rhodes.93-90-192-35.plesk.page\/index.php\/wp-json\/wp\/v2\/users\/1"}],"replies":[{"embeddable":true,"href":"https:\/\/jovial-rhodes.93-90-192-35.plesk.page\/index.php\/wp-json\/wp\/v2\/comments?post=33"}],"version-history":[{"count":85,"href":"https:\/\/jovial-rhodes.93-90-192-35.plesk.page\/index.php\/wp-json\/wp\/v2\/pages\/33\/revisions"}],"predecessor-version":[{"id":525,"href":"https:\/\/jovial-rhodes.93-90-192-35.plesk.page\/index.php\/wp-json\/wp\/v2\/pages\/33\/revisions\/525"}],"wp:attachment":[{"href":"https:\/\/jovial-rhodes.93-90-192-35.plesk.page\/index.php\/wp-json\/wp\/v2\/media?parent=33"}],"curies":[{"name":"wp","href":"https:\/\/api.w.org\/{rel}","templated":true}]}}