{"id":341,"date":"2025-07-22T14:41:30","date_gmt":"2025-07-22T14:41:30","guid":{"rendered":"https:\/\/jovial-rhodes.93-90-192-35.plesk.page\/?page_id=341"},"modified":"2025-11-11T14:35:51","modified_gmt":"2025-11-11T14:35:51","slug":"kundendienst-2","status":"publish","type":"page","link":"https:\/\/jovial-rhodes.93-90-192-35.plesk.page\/index.php\/kundendienst-2\/","title":{"rendered":"Kundendienst"},"content":{"rendered":"\t\t<div data-elementor-type=\"wp-page\" data-elementor-id=\"341\" class=\"elementor elementor-341\">\n\t\t\t\t<div class=\"elementor-element elementor-element-003e08a e-con-full e-flex e-con e-parent\" data-id=\"003e08a\" data-element_type=\"container\" data-e-type=\"container\">\n\t\t<div class=\"elementor-element elementor-element-cf940cb e-con-full e-flex e-con e-child\" data-id=\"cf940cb\" data-element_type=\"container\" data-e-type=\"container\">\n\t\t\t\t<div class=\"elementor-element elementor-element-fe5dbfd elementor-widget elementor-widget-text-editor\" data-id=\"fe5dbfd\" data-element_type=\"widget\" data-e-type=\"widget\" data-widget_type=\"text-editor.default\">\n\t\t\t\t\t\t\t\t\t<div class=\"fusion-title title fusion-title-1 fusion-sep-none fusion-title-center fusion-title-text fusion-title-size-one fusion-border-below-title\"><h1 class=\"title-heading-center fusion-responsive-typography-calculated\" data-fontsize=\"54\" data-lineheight=\"62.6333px\">Kundendienst<\/h1><\/div><div class=\"fusion-separator\"><div class=\"fusion-separator-border sep-single sep-solid\">\u00a0<\/div><\/div><div class=\"fusion-text fusion-text-1\"><p>Schnelle und zuverl\u00e4ssige Hilfe ist f\u00fcr uns das Wichtigste, wenn es in der K\u00fcchentechnik mal hakt. Unser Technikerteam wird stetig erweitert, um kurze Reaktionszeiten zu erm\u00f6glichen.<\/p><\/div>\t\t\t\t\t\t\t\t<\/div>\n\t\t<div class=\"elementor-element elementor-element-0f24a58 e-con-full e-flex elementor-invisible e-con e-child\" data-id=\"0f24a58\" data-element_type=\"container\" data-e-type=\"container\" data-settings=\"{&quot;background_background&quot;:&quot;gradient&quot;,&quot;animation&quot;:&quot;fadeInLeft&quot;}\">\n\t\t<div class=\"elementor-element elementor-element-215d999 e-con-full e-flex e-con e-child\" data-id=\"215d999\" data-element_type=\"container\" data-e-type=\"container\">\n\t\t\t\t<div class=\"elementor-element elementor-element-100ac05 elementor-widget elementor-widget-image\" data-id=\"100ac05\" data-element_type=\"widget\" data-e-type=\"widget\" data-widget_type=\"image.default\">\n\t\t\t\t\t\t\t\t\t\t\t\t\t\t\t<img fetchpriority=\"high\" decoding=\"async\" width=\"1024\" height=\"975\" src=\"https:\/\/jovial-rhodes.93-90-192-35.plesk.page\/wp-content\/uploads\/2025\/08\/Kundendienst-01-1024x975.jpg\" class=\"attachment-large size-large wp-image-442\" alt=\"\" srcset=\"https:\/\/jovial-rhodes.93-90-192-35.plesk.page\/wp-content\/uploads\/2025\/08\/Kundendienst-01-1024x975.jpg 1024w, https:\/\/jovial-rhodes.93-90-192-35.plesk.page\/wp-content\/uploads\/2025\/08\/Kundendienst-01-300x286.jpg 300w, https:\/\/jovial-rhodes.93-90-192-35.plesk.page\/wp-content\/uploads\/2025\/08\/Kundendienst-01-768x731.jpg 768w, https:\/\/jovial-rhodes.93-90-192-35.plesk.page\/wp-content\/uploads\/2025\/08\/Kundendienst-01-1536x1463.jpg 1536w, https:\/\/jovial-rhodes.93-90-192-35.plesk.page\/wp-content\/uploads\/2025\/08\/Kundendienst-01-2048x1950.jpg 2048w\" sizes=\"(max-width: 1024px) 100vw, 1024px\" \/>\t\t\t\t\t\t\t\t\t\t\t\t\t\t\t<\/div>\n\t\t\t\t<\/div>\n\t\t<div class=\"elementor-element elementor-element-074eb81 e-con-full e-flex e-con e-child\" data-id=\"074eb81\" data-element_type=\"container\" data-e-type=\"container\">\n\t\t\t\t<div class=\"elementor-element elementor-element-bf1e277 elementor-align-center elementor-widget elementor-widget-button\" data-id=\"bf1e277\" data-element_type=\"widget\" data-e-type=\"widget\" data-widget_type=\"button.default\">\n\t\t\t\t\t\t\t\t\t\t<a class=\"elementor-button elementor-button-link elementor-size-sm\" href=\"\/index.php\/kontakt\/\">\n\t\t\t\t\t\t<span class=\"elementor-button-content-wrapper\">\n\t\t\t\t\t\t\t\t\t<span class=\"elementor-button-text\">Kontakt aufnehmen<\/span>\n\t\t\t\t\t<\/span>\n\t\t\t\t\t<\/a>\n\t\t\t\t\t\t\t\t<\/div>\n\t\t\t\t<div class=\"elementor-element elementor-element-ae5650e elementor-widget elementor-widget-text-editor\" data-id=\"ae5650e\" data-element_type=\"widget\" data-e-type=\"widget\" data-widget_type=\"text-editor.default\">\n\t\t\t\t\t\t\t\t\t<div class=\"fusion-text fusion-text-2\"><h2 class=\"fusion-responsive-typography-calculated\" data-fontsize=\"40\" data-lineheight=\"48px\">Kundendienst<\/h2><\/div><div class=\"fusion-separator\"><div class=\"fusion-separator-border sep-single sep-solid\">\u00a0<\/div><\/div><div class=\"fusion-text fusion-text-3\"><div>Schnelle und zuverl\u00e4ssige Hilfe ist f\u00fcr uns das Wichtigste, wenn es in der K\u00fcchentechnik mal hakt. Unser Technikerteam wird stetig erweitert, um kurze Reaktionszeiten zu erm\u00f6glichen.<br \/>Mit den grundlegenden Ersatzteilen unserer Markenhersteller und Eigenmarken ausgestattet sind unsere Servicefahrzeuge in den Gro\u00dfr\u00e4umen Hannover, Hildesheim, Braunschweig, Wolfsburg, Celle, Soltau und rund um Springe und Alfeld unterwegs. Dabei decken wir die technischen Ger\u00e4te aus der Gastronomie und Gemeinschaftsverpflegung ab. Unsere Techniker besuchen regelm\u00e4\u00dfig Schulungen der Hersteller und sind auf Fachgebiete spezialisiert. Bei Kaffeemaschinen, Gasger\u00e4ten, L\u00fcftungen oder auch in der modernen Sp\u00fcltechnik helfen unsere technischen Kollegen gerne weiter.<br \/>Die freundlichen und hilfsbereiten Mitarbeiter des Kundendienstes nehmen Ihre technischen Probleme zuverl\u00e4ssig auf. Gerne helfen wir auch weiter, wenn Sie nur ein Ersatzteil ben\u00f6tigen.<br \/>Nat\u00fcrlich haben wir nach den B\u00fcrozeiten und am Wochenende eine technische Notrufnummer.<\/div><\/div>\t\t\t\t\t\t\t\t<\/div>\n\t\t\t\t<\/div>\n\t\t\t\t<\/div>\n\t\t<div class=\"elementor-element elementor-element-cf4d5d6 e-flex e-con-boxed e-con e-child\" data-id=\"cf4d5d6\" data-element_type=\"container\" data-e-type=\"container\">\n\t\t\t\t\t<div class=\"e-con-inner\">\n\t\t\t\t<div class=\"elementor-element elementor-element-ea6e3a7 elementor-widget-divider--view-line elementor-widget elementor-widget-divider\" data-id=\"ea6e3a7\" data-element_type=\"widget\" data-e-type=\"widget\" data-widget_type=\"divider.default\">\n\t\t\t\t\t\t\t<div class=\"elementor-divider\">\n\t\t\t<span class=\"elementor-divider-separator\">\n\t\t\t\t\t\t<\/span>\n\t\t<\/div>\n\t\t\t\t\t\t<\/div>\n\t\t\t\t<div class=\"elementor-element elementor-element-599ecf2 elementor-widget__width-inherit elementor-widget elementor-widget-text-editor\" data-id=\"599ecf2\" data-element_type=\"widget\" data-e-type=\"widget\" data-widget_type=\"text-editor.default\">\n\t\t\t\t\t\t\t\t\t<div class=\"fusion-title title fusion-title-2 fusion-sep-none fusion-title-center fusion-title-text fusion-title-size-two fusion-border-below-title\">\u00a0 \u00a0\u00a0<h3>\u00a0 \u00a0 \u00a0 Ihre Ansprechpartner<\/h3><\/div><div class=\"fusion-separator\"><div class=\"fusion-separator-border sep-single sep-solid\">\u00a0<\/div><\/div><div class=\"fusion-text fusion-text-6\"><p><strong>Schnelle und fachgerechte Beratung erhalten Sie bei uns im Innen \u2013 und Au\u00dfendienst. Gerne stellen wir Ihnen Ihre Ansprechpartner vor.<\/strong><\/p><\/div>\t\t\t\t\t\t\t\t<\/div>\n\t\t\t\t<div class=\"elementor-element elementor-element-32b3db7 elementor-widget-divider--view-line elementor-widget elementor-widget-divider\" data-id=\"32b3db7\" data-element_type=\"widget\" data-e-type=\"widget\" data-widget_type=\"divider.default\">\n\t\t\t\t\t\t\t<div class=\"elementor-divider\">\n\t\t\t<span class=\"elementor-divider-separator\">\n\t\t\t\t\t\t<\/span>\n\t\t<\/div>\n\t\t\t\t\t\t<\/div>\n\t\t<div class=\"elementor-element elementor-element-6980f7c e-con-full e-flex e-con e-child\" data-id=\"6980f7c\" data-element_type=\"container\" data-e-type=\"container\">\n\t\t\t\t<div class=\"elementor-element elementor-element-7429922 elementor-widget elementor-widget-image\" data-id=\"7429922\" data-element_type=\"widget\" data-e-type=\"widget\" data-widget_type=\"image.default\">\n\t\t\t\t\t\t\t\t\t\t\t\t\t\t\t<img decoding=\"async\" width=\"141\" height=\"141\" src=\"https:\/\/jovial-rhodes.93-90-192-35.plesk.page\/wp-content\/uploads\/2025\/08\/anke-1.jpg\" class=\"attachment-thumbnail size-thumbnail wp-image-444\" alt=\"\" \/>\t\t\t\t\t\t\t\t\t\t\t\t\t\t\t<\/div>\n\t\t\t\t<\/div>\n\t\t<div class=\"elementor-element elementor-element-2be93ff e-con-full e-flex e-con e-child\" data-id=\"2be93ff\" data-element_type=\"container\" data-e-type=\"container\">\n\t\t\t\t<div class=\"elementor-element elementor-element-8c22879 elementor-widget elementor-widget-image\" data-id=\"8c22879\" data-element_type=\"widget\" data-e-type=\"widget\" data-widget_type=\"image.default\">\n\t\t\t\t\t\t\t\t\t\t\t\t\t\t\t<img decoding=\"async\" width=\"150\" height=\"150\" src=\"https:\/\/jovial-rhodes.93-90-192-35.plesk.page\/wp-content\/uploads\/2025\/08\/avada-movers-johndoe-final-150x150.jpg\" class=\"attachment-thumbnail size-thumbnail wp-image-445\" alt=\"\" srcset=\"https:\/\/jovial-rhodes.93-90-192-35.plesk.page\/wp-content\/uploads\/2025\/08\/avada-movers-johndoe-final-150x150.jpg 150w, https:\/\/jovial-rhodes.93-90-192-35.plesk.page\/wp-content\/uploads\/2025\/08\/avada-movers-johndoe-final-300x300.jpg 300w, https:\/\/jovial-rhodes.93-90-192-35.plesk.page\/wp-content\/uploads\/2025\/08\/avada-movers-johndoe-final.jpg 494w\" sizes=\"(max-width: 150px) 100vw, 150px\" \/>\t\t\t\t\t\t\t\t\t\t\t\t\t\t\t<\/div>\n\t\t\t\t<\/div>\n\t\t<div class=\"elementor-element elementor-element-58f87d9 e-con-full e-flex e-con e-child\" data-id=\"58f87d9\" data-element_type=\"container\" data-e-type=\"container\">\n\t\t\t\t<div class=\"elementor-element elementor-element-00e3056 elementor-widget elementor-widget-image\" data-id=\"00e3056\" data-element_type=\"widget\" data-e-type=\"widget\" data-widget_type=\"image.default\">\n\t\t\t\t\t\t\t\t\t\t\t\t\t\t\t<img loading=\"lazy\" decoding=\"async\" width=\"141\" height=\"141\" src=\"https:\/\/jovial-rhodes.93-90-192-35.plesk.page\/wp-content\/uploads\/2025\/08\/bruns-klein.jpg\" class=\"attachment-medium size-medium wp-image-446\" alt=\"\" \/>\t\t\t\t\t\t\t\t\t\t\t\t\t\t\t<\/div>\n\t\t\t\t<\/div>\n\t\t<div class=\"elementor-element elementor-element-de52b45 e-con-full e-flex e-con e-child\" data-id=\"de52b45\" data-element_type=\"container\" data-e-type=\"container\">\n\t\t\t\t<div class=\"elementor-element elementor-element-8ba12c7 elementor-widget elementor-widget-text-editor\" data-id=\"8ba12c7\" data-element_type=\"widget\" data-e-type=\"widget\" data-widget_type=\"text-editor.default\">\n\t\t\t\t\t\t\t\t\t<div class=\"person-desc\"><div class=\"person-author\"><h3 class=\"person-author-wrapper\"><span class=\"person-name\">Anke Hagen<\/span><\/h3><div>\u00a0<\/div><div class=\"person-author-wrapper\"><strong><span class=\"person-title\">Kundendienst<\/span><\/strong><\/div><div>\u00a0<\/div><\/div><div class=\"person-content fusion-clearfix\"><p>Ersatzteile<\/p><p><i class=\"fb-icon-element-1 fb-icon-element fontawesome-icon fa-phone fas circle-no\">\u00a0<\/i>05132 \u2013 54 1 54<\/p><div class=\"mailhover\"><a href=\"mailto:anke.hagen@pch-online.de\">anke.hagen@pch-online.de<\/a><\/div><\/div><\/div><div>\u00a0<\/div><div>\u00a0<\/div><div>\u00a0<\/div><div>\u00a0<\/div>\t\t\t\t\t\t\t\t<\/div>\n\t\t\t\t<\/div>\n\t\t<div class=\"elementor-element elementor-element-9c3cae8 e-con-full e-flex e-con e-child\" data-id=\"9c3cae8\" data-element_type=\"container\" data-e-type=\"container\">\n\t\t\t\t<div class=\"elementor-element elementor-element-cdeea92 elementor-widget elementor-widget-text-editor\" data-id=\"cdeea92\" data-element_type=\"widget\" data-e-type=\"widget\" data-widget_type=\"text-editor.default\">\n\t\t\t\t\t\t\t\t\t<div class=\"person-desc\"><div class=\"person-author\"><h3 class=\"person-author-wrapper\"><span class=\"person-name\">Tobias Sch\u00f6nbrodt<\/span><\/h3><\/div><\/div><div>\u00a0<\/div><div><strong><span class=\"person-title\">Kundendienst<\/span><\/strong><\/div><div class=\"person-desc\"><div class=\"person-author\"><div>\u00a0<\/div><\/div><div class=\"person-content fusion-clearfix\"><p>Dispositon<\/p><p>05132 \u2013 54 1 54<\/p><div class=\"mailhover\"><a href=\"mailto:tobias.schoenbrodt@pch-online.de\">tobias.schoenbrodt@pch-online.de<\/a><\/div><\/div><\/div>\t\t\t\t\t\t\t\t<\/div>\n\t\t\t\t<\/div>\n\t\t<div class=\"elementor-element elementor-element-73bc982 e-con-full e-flex e-con e-child\" data-id=\"73bc982\" data-element_type=\"container\" data-e-type=\"container\">\n\t\t\t\t<div class=\"elementor-element elementor-element-3cdf046 elementor-widget elementor-widget-text-editor\" data-id=\"3cdf046\" data-element_type=\"widget\" data-e-type=\"widget\" data-widget_type=\"text-editor.default\">\n\t\t\t\t\t\t\t\t\t<div class=\"person-desc\"><div class=\"person-author\"><h3 class=\"person-author-wrapper\"><span class=\"person-name\">Bj\u00f6rn Bruns<\/span><\/h3><\/div><\/div><div class=\"person-desc\"><div>\u00a0<\/div><div class=\"person-author\"><strong><span class=\"person-title\">Lager<\/span><\/strong><\/div><div>\u00a0<\/div><div class=\"person-author\">Lager &amp; Logistik<br class=\"clear\" \/><br class=\"clear\" \/><\/div><div class=\"person-content fusion-clearfix\"><p>05132\u2013 54 1 54<\/p><div class=\"mailhover\"><a href=\"mailto:bjoern.bruns@pch-online.de\">bjoern.bruns@pch-online.de<\/a><\/div><\/div><\/div><div>\u00a0<\/div><div>\u00a0<\/div>\t\t\t\t\t\t\t\t<\/div>\n\t\t\t\t<\/div>\n\t\t\t\t\t<\/div>\n\t\t\t\t<\/div>\n\t\t\t\t<\/div>\n\t\t\t\t<\/div>\n\t\t\t\t<\/div>\n\t\t","protected":false},"excerpt":{"rendered":"<p>Kundendienst \u00a0 Schnelle und zuverl\u00e4ssige Hilfe ist f\u00fcr uns das Wichtigste, wenn es in der K\u00fcchentechnik mal hakt. Unser Technikerteam [&hellip;]<\/p>\n","protected":false},"author":1,"featured_media":0,"parent":0,"menu_order":0,"comment_status":"closed","ping_status":"closed","template":"","meta":{"site-sidebar-layout":"no-sidebar","site-content-layout":"","ast-site-content-layout":"full-width-container","site-content-style":"default","site-sidebar-style":"default","ast-global-header-display":"","ast-banner-title-visibility":"","ast-main-header-display":"","ast-hfb-above-header-display":"","ast-hfb-below-header-display":"","ast-hfb-mobile-header-display":"","site-post-title":"disabled","ast-breadcrumbs-content":"","ast-featured-img":"disabled","footer-sml-layout":"","ast-disable-related-posts":"","theme-transparent-header-meta":"","adv-header-id-meta":"","stick-header-meta":"","header-above-stick-meta":"","header-main-stick-meta":"","header-below-stick-meta":"","astra-migrate-meta-layouts":"default","ast-page-background-enabled":"default","ast-page-background-meta":{"desktop":{"background-color":"var(--ast-global-color-5)","background-image":"","background-repeat":"repeat","background-position":"center center","background-size":"auto","background-attachment":"scroll","background-type":"","background-media":"","overlay-type":"","overlay-color":"","overlay-opacity":"","overlay-gradient":""},"tablet":{"background-color":"","background-image":"","background-repeat":"repeat","background-position":"center center","background-size":"auto","background-attachment":"scroll","background-type":"","background-media":"","overlay-type":"","overlay-color":"","overlay-opacity":"","overlay-gradient":""},"mobile":{"background-color":"","background-image":"","background-repeat":"repeat","background-position":"center center","background-size":"auto","background-attachment":"scroll","background-type":"","background-media":"","overlay-type":"","overlay-color":"","overlay-opacity":"","overlay-gradient":""}},"ast-content-background-meta":{"desktop":{"background-color":"var(--ast-global-color-4)","background-image":"","background-repeat":"repeat","background-position":"center center","background-size":"auto","background-attachment":"scroll","background-type":"","background-media":"","overlay-type":"","overlay-color":"","overlay-opacity":"","overlay-gradient":""},"tablet":{"background-color":"var(--ast-global-color-4)","background-image":"","background-repeat":"repeat","background-position":"center center","background-size":"auto","background-attachment":"scroll","background-type":"","background-media":"","overlay-type":"","overlay-color":"","overlay-opacity":"","overlay-gradient":""},"mobile":{"background-color":"var(--ast-global-color-4)","background-image":"","background-repeat":"repeat","background-position":"center center","background-size":"auto","background-attachment":"scroll","background-type":"","background-media":"","overlay-type":"","overlay-color":"","overlay-opacity":"","overlay-gradient":""}},"footnotes":""},"class_list":["post-341","page","type-page","status-publish","hentry"],"_links":{"self":[{"href":"https:\/\/jovial-rhodes.93-90-192-35.plesk.page\/index.php\/wp-json\/wp\/v2\/pages\/341","targetHints":{"allow":["GET"]}}],"collection":[{"href":"https:\/\/jovial-rhodes.93-90-192-35.plesk.page\/index.php\/wp-json\/wp\/v2\/pages"}],"about":[{"href":"https:\/\/jovial-rhodes.93-90-192-35.plesk.page\/index.php\/wp-json\/wp\/v2\/types\/page"}],"author":[{"embeddable":true,"href":"https:\/\/jovial-rhodes.93-90-192-35.plesk.page\/index.php\/wp-json\/wp\/v2\/users\/1"}],"replies":[{"embeddable":true,"href":"https:\/\/jovial-rhodes.93-90-192-35.plesk.page\/index.php\/wp-json\/wp\/v2\/comments?post=341"}],"version-history":[{"count":7,"href":"https:\/\/jovial-rhodes.93-90-192-35.plesk.page\/index.php\/wp-json\/wp\/v2\/pages\/341\/revisions"}],"predecessor-version":[{"id":512,"href":"https:\/\/jovial-rhodes.93-90-192-35.plesk.page\/index.php\/wp-json\/wp\/v2\/pages\/341\/revisions\/512"}],"wp:attachment":[{"href":"https:\/\/jovial-rhodes.93-90-192-35.plesk.page\/index.php\/wp-json\/wp\/v2\/media?parent=341"}],"curies":[{"name":"wp","href":"https:\/\/api.w.org\/{rel}","templated":true}]}}