{"id":35,"date":"2025-07-18T13:49:58","date_gmt":"2025-07-18T13:49:58","guid":{"rendered":"https:\/\/jovial-rhodes.93-90-192-35.plesk.page\/?page_id=35"},"modified":"2025-11-11T14:44:58","modified_gmt":"2025-11-11T14:44:58","slug":"gastrobau","status":"publish","type":"page","link":"https:\/\/jovial-rhodes.93-90-192-35.plesk.page\/index.php\/gastrobau\/","title":{"rendered":"Gastrobau"},"content":{"rendered":"\t\t<div data-elementor-type=\"wp-page\" data-elementor-id=\"35\" class=\"elementor elementor-35\">\n\t\t\t\t<div class=\"elementor-element elementor-element-2d15782 e-con-full e-flex e-con e-parent\" data-id=\"2d15782\" data-element_type=\"container\" data-e-type=\"container\">\n\t\t\t\t<div class=\"elementor-element elementor-element-10c5a36 elementor-widget elementor-widget-text-editor\" data-id=\"10c5a36\" data-element_type=\"widget\" data-e-type=\"widget\" data-widget_type=\"text-editor.default\">\n\t\t\t\t\t\t\t\t\t<div class=\"fusion-title title fusion-title-1 fusion-sep-none fusion-title-center fusion-title-text fusion-title-size-one fusion-border-below-title\"><h1 class=\"title-heading-center fusion-responsive-typography-calculated\" data-fontsize=\"54\" data-lineheight=\"62.6333px\">Gastrobau &amp; Gastronomiekonzepte<\/h1><\/div><div class=\"fusion-separator\"><div class=\"fusion-separator-border sep-single sep-solid\">\u00a0<\/div><\/div><div class=\"fusion-text fusion-text-1\"><p>Die Welt der Gastronomie lebt von neuen Konzepten und Ideen.<br \/>Doch welcher Trend ist aktuell? Was bringt die Zukunft?<\/p><p>Wenn ich mein Konzept gefunden habe, wie setze ich es um, und was kostet es mich zum Schluss? Viele Fragen stellen sich bei der Erstellung einer neuen Idee oder eines bestehenden Konzeptes. Gerne unterst\u00fctzen wir Ihre Planung mit Sach- und Fachverstand.<br \/>Seit dem Jahr 2000 unterst\u00fctzen unsere Fachplaner und Anwendungsberater aktiv die Realisierung neuer Konzepte oder optimieren funktionierende Systeme.<\/p><\/div>\t\t\t\t\t\t\t\t<\/div>\n\t\t<div class=\"elementor-element elementor-element-8cc45f2 e-con-full e-flex elementor-invisible e-con e-child\" data-id=\"8cc45f2\" data-element_type=\"container\" data-e-type=\"container\" data-settings=\"{&quot;background_background&quot;:&quot;gradient&quot;,&quot;animation&quot;:&quot;fadeInLeft&quot;}\">\n\t\t<div class=\"elementor-element elementor-element-758554a e-con-full e-flex e-con e-child\" data-id=\"758554a\" data-element_type=\"container\" data-e-type=\"container\">\n\t\t\t\t<div class=\"elementor-element elementor-element-1bf154d elementor-widget elementor-widget-image\" data-id=\"1bf154d\" data-element_type=\"widget\" data-e-type=\"widget\" data-widget_type=\"image.default\">\n\t\t\t\t\t\t\t\t\t\t\t\t\t\t\t<img fetchpriority=\"high\" decoding=\"async\" width=\"1024\" height=\"975\" src=\"https:\/\/jovial-rhodes.93-90-192-35.plesk.page\/wp-content\/uploads\/2025\/07\/Der-Gastraum-01-1024x975.jpg\" class=\"attachment-large size-large wp-image-353\" alt=\"\" srcset=\"https:\/\/jovial-rhodes.93-90-192-35.plesk.page\/wp-content\/uploads\/2025\/07\/Der-Gastraum-01-1024x975.jpg 1024w, https:\/\/jovial-rhodes.93-90-192-35.plesk.page\/wp-content\/uploads\/2025\/07\/Der-Gastraum-01-300x286.jpg 300w, https:\/\/jovial-rhodes.93-90-192-35.plesk.page\/wp-content\/uploads\/2025\/07\/Der-Gastraum-01-768x731.jpg 768w, https:\/\/jovial-rhodes.93-90-192-35.plesk.page\/wp-content\/uploads\/2025\/07\/Der-Gastraum-01-1536x1463.jpg 1536w, https:\/\/jovial-rhodes.93-90-192-35.plesk.page\/wp-content\/uploads\/2025\/07\/Der-Gastraum-01-2048x1950.jpg 2048w\" sizes=\"(max-width: 1024px) 100vw, 1024px\" \/>\t\t\t\t\t\t\t\t\t\t\t\t\t\t\t<\/div>\n\t\t\t\t<\/div>\n\t\t<div class=\"elementor-element elementor-element-0ecbbca e-con-full e-flex e-con e-child\" data-id=\"0ecbbca\" data-element_type=\"container\" data-e-type=\"container\">\n\t\t\t\t<div class=\"elementor-element elementor-element-88a73fa elementor-align-center elementor-widget elementor-widget-button\" data-id=\"88a73fa\" data-element_type=\"widget\" data-e-type=\"widget\" data-widget_type=\"button.default\">\n\t\t\t\t\t\t\t\t\t\t<a class=\"elementor-button elementor-button-link elementor-size-sm\" href=\"\/index.php\/kontakt\/\">\n\t\t\t\t\t\t<span class=\"elementor-button-content-wrapper\">\n\t\t\t\t\t\t\t\t\t<span class=\"elementor-button-text\">Kontakt aufnehmen<\/span>\n\t\t\t\t\t<\/span>\n\t\t\t\t\t<\/a>\n\t\t\t\t\t\t\t\t<\/div>\n\t\t\t\t<div class=\"elementor-element elementor-element-4d8b83e elementor-widget elementor-widget-text-editor\" data-id=\"4d8b83e\" data-element_type=\"widget\" data-e-type=\"widget\" data-widget_type=\"text-editor.default\">\n\t\t\t\t\t\t\t\t\t<div class=\"fusion-text fusion-text-2\"><h2 class=\"fusion-responsive-typography-calculated\" data-fontsize=\"40\" data-lineheight=\"48px\">Der Gastraum<\/h2><\/div><div class=\"fusion-separator\"><div class=\"fusion-separator-border sep-single sep-solid\">\u00a0<\/div><\/div><div class=\"fusion-text fusion-text-3\"><div>Von der Eingangst\u00fcr aus gesehen ist der Gastraum der erste Eindruck, den Kunden von Ihrem Gesch\u00e4ft bekommen. Eine helle, eindrucksvolle und stimmige Gestaltung ist deshalb besonders wichtig.<br \/>Mit einfallsreichen und neuen Konzepten zeigt Ihnen unser Fachplaner in dreidimensionalen Bildern auf, wie ein Gastraum und Bedientresen aussehen k\u00f6nnte. Auch auf kleinem Raum finden wir L\u00f6sungen, trotz optimierter Sitzplatzanzahl eine gem\u00fctliche Stimmung zu vermitteln. Eine Terrassenplanung, treffende Wandgestaltung oder ein \u00fcberzeugendes Beleuchtungskonzept runden die Planung ab. Ob klassische oder moderne Gastraumeinrichtung, wir haben die passenden Konzepte zur Hand.<\/div><\/div>\t\t\t\t\t\t\t\t<\/div>\n\t\t\t\t<\/div>\n\t\t\t\t<\/div>\n\t\t<div class=\"elementor-element elementor-element-3ae889c e-con-full e-flex elementor-invisible e-con e-child\" data-id=\"3ae889c\" data-element_type=\"container\" data-e-type=\"container\" data-settings=\"{&quot;background_background&quot;:&quot;gradient&quot;,&quot;animation&quot;:&quot;fadeInRight&quot;}\">\n\t\t<div class=\"elementor-element elementor-element-84931ad e-con-full e-flex e-con e-child\" data-id=\"84931ad\" data-element_type=\"container\" data-e-type=\"container\">\n\t\t\t\t<div class=\"elementor-element elementor-element-301eaf8 elementor-widget elementor-widget-text-editor\" data-id=\"301eaf8\" data-element_type=\"widget\" data-e-type=\"widget\" data-widget_type=\"text-editor.default\">\n\t\t\t\t\t\t\t\t\t<div class=\"fusion-layout-column fusion_builder_column fusion-builder-column-5 fusion_builder_column_1_2 1_2 fusion-flex-column fusion-no-small-visibility\"><div class=\"fusion-column-wrapper fusion-flex-justify-content-flex-start fusion-content-layout-column\" data-bg-url=\"https:\/\/www.pch-online.de\/wp-content\/uploads\/2019\/02\/pch-grosskuechentechnik-side-bg-grau.jpg\" data-bg-height=\"0\" data-bg-width=\"0\">\u00a0<\/div><\/div><div class=\"fusion-layout-column fusion_builder_column fusion-builder-column-6 fusion_builder_column_1_2 1_2 fusion-flex-column\"><div class=\"fusion-column-wrapper fusion-flex-justify-content-flex-start fusion-content-layout-column\"><div class=\"fusion-text fusion-text-4\"><h2 class=\"fusion-responsive-typography-calculated\" data-fontsize=\"40\" data-lineheight=\"48px\">Die K\u00fcche<\/h2><\/div><div class=\"fusion-separator\"><div class=\"fusion-separator-border sep-single sep-solid\">\u00a0<\/div><\/div><div class=\"fusion-text fusion-text-5\"><div>Ohne die richtige K\u00fcche kann eine Gastronomie nicht funktionieren. Hierf\u00fcr ist es wichtig, dass die K\u00fcche auf den Bedarf optimal zugeschnitten ist.<br \/>\u201eStimmen die Arbeitswege, habe ich genug Lagerr\u00e4ume. Ist meine K\u00fcche eventuell ausbau- und zukunftsf\u00e4hig. Sind die Ger\u00e4te f\u00fcr Ihren Einsatz richtig gew\u00e4hlt. Welche Ma\u00dfnahmen muss ich ergreifen, dass ich den Arbeitsaufwand mit wenig Personal schaffen kann.\u201c Diese und weitere Fragen stellen sich existenziell f\u00fcr den Betreiber einer Gastronomie.<br \/>Wir unterst\u00fctzen Sie bei der Planung Ihrer K\u00fcche mit den richtigen Ger\u00e4ten und Konzepten.<br \/>Mit unseren Eigenmarken in Kombination mit deutschen Markenherstellern wie z.B. Rational, Eloma oder Winterhalter ist es uns m\u00f6glich, Ihnen eine passgenaue K\u00fcche zu liefern.<br \/>Hierbei \u00fcbernehmen wir die Beratung, Planung, Lieferung und Montage Ihrer K\u00fcche.<\/div><\/div><\/div><\/div>\t\t\t\t\t\t\t\t<\/div>\n\t\t\t\t<div class=\"elementor-element elementor-element-c448a1c elementor-align-center elementor-widget elementor-widget-button\" data-id=\"c448a1c\" data-element_type=\"widget\" data-e-type=\"widget\" data-widget_type=\"button.default\">\n\t\t\t\t\t\t\t\t\t\t<a class=\"elementor-button elementor-button-link elementor-size-sm\" href=\"index.php\/kontakt\/\">\n\t\t\t\t\t\t<span class=\"elementor-button-content-wrapper\">\n\t\t\t\t\t\t\t\t\t<span class=\"elementor-button-text\">Kontakt aufnehmen<\/span>\n\t\t\t\t\t<\/span>\n\t\t\t\t\t<\/a>\n\t\t\t\t\t\t\t\t<\/div>\n\t\t\t\t<\/div>\n\t\t<div class=\"elementor-element elementor-element-485c330 e-con-full e-flex e-con e-child\" data-id=\"485c330\" data-element_type=\"container\" data-e-type=\"container\">\n\t\t\t\t<div class=\"elementor-element elementor-element-ffcb00d elementor-widget elementor-widget-image\" data-id=\"ffcb00d\" data-element_type=\"widget\" data-e-type=\"widget\" data-widget_type=\"image.default\">\n\t\t\t\t\t\t\t\t\t\t\t\t\t\t\t<img decoding=\"async\" width=\"1024\" height=\"975\" src=\"https:\/\/jovial-rhodes.93-90-192-35.plesk.page\/wp-content\/uploads\/2025\/07\/Die-Kueche-01-1024x975.jpg\" class=\"attachment-large size-large wp-image-354\" alt=\"\" srcset=\"https:\/\/jovial-rhodes.93-90-192-35.plesk.page\/wp-content\/uploads\/2025\/07\/Die-Kueche-01-1024x975.jpg 1024w, https:\/\/jovial-rhodes.93-90-192-35.plesk.page\/wp-content\/uploads\/2025\/07\/Die-Kueche-01-300x286.jpg 300w, https:\/\/jovial-rhodes.93-90-192-35.plesk.page\/wp-content\/uploads\/2025\/07\/Die-Kueche-01-768x731.jpg 768w, https:\/\/jovial-rhodes.93-90-192-35.plesk.page\/wp-content\/uploads\/2025\/07\/Die-Kueche-01-1536x1463.jpg 1536w, https:\/\/jovial-rhodes.93-90-192-35.plesk.page\/wp-content\/uploads\/2025\/07\/Die-Kueche-01-2048x1950.jpg 2048w\" sizes=\"(max-width: 1024px) 100vw, 1024px\" \/>\t\t\t\t\t\t\t\t\t\t\t\t\t\t\t<\/div>\n\t\t\t\t<\/div>\n\t\t\t\t<\/div>\n\t\t<div class=\"elementor-element elementor-element-f1f5217 e-flex e-con-boxed e-con e-child\" data-id=\"f1f5217\" data-element_type=\"container\" data-e-type=\"container\">\n\t\t\t\t\t<div class=\"e-con-inner\">\n\t\t\t\t<div class=\"elementor-element elementor-element-93a6d59 elementor-widget-divider--view-line elementor-widget elementor-widget-divider\" data-id=\"93a6d59\" data-element_type=\"widget\" data-e-type=\"widget\" data-widget_type=\"divider.default\">\n\t\t\t\t\t\t\t<div class=\"elementor-divider\">\n\t\t\t<span class=\"elementor-divider-separator\">\n\t\t\t\t\t\t<\/span>\n\t\t<\/div>\n\t\t\t\t\t\t<\/div>\n\t\t\t\t<div class=\"elementor-element elementor-element-0eb3b6a elementor-widget__width-inherit elementor-widget elementor-widget-text-editor\" data-id=\"0eb3b6a\" data-element_type=\"widget\" data-e-type=\"widget\" data-widget_type=\"text-editor.default\">\n\t\t\t\t\t\t\t\t\t<div class=\"fusion-title title fusion-title-2 fusion-sep-none fusion-title-center fusion-title-text fusion-title-size-two fusion-border-below-title\">\u00a0 \u00a0\u00a0<h3>\u00a0 \u00a0 \u00a0 Ihre Ansprechpartner<\/h3><\/div><div class=\"fusion-separator\"><div class=\"fusion-separator-border sep-single sep-solid\">\u00a0<\/div><\/div><div class=\"fusion-text fusion-text-6\"><p><strong>Schnelle und fachgerechte Beratung erhalten Sie bei uns im Innen \u2013 und Au\u00dfendienst. Gerne stellen wir Ihnen Ihre Ansprechpartner vor.<\/strong><\/p><\/div>\t\t\t\t\t\t\t\t<\/div>\n\t\t\t\t<div class=\"elementor-element elementor-element-c10cc83 elementor-widget-divider--view-line elementor-widget elementor-widget-divider\" data-id=\"c10cc83\" data-element_type=\"widget\" data-e-type=\"widget\" data-widget_type=\"divider.default\">\n\t\t\t\t\t\t\t<div class=\"elementor-divider\">\n\t\t\t<span class=\"elementor-divider-separator\">\n\t\t\t\t\t\t<\/span>\n\t\t<\/div>\n\t\t\t\t\t\t<\/div>\n\t\t<div class=\"elementor-element elementor-element-627d498 e-con-full e-flex e-con e-child\" data-id=\"627d498\" data-element_type=\"container\" data-e-type=\"container\">\n\t\t\t\t<div class=\"elementor-element elementor-element-bd91558 elementor-widget elementor-widget-image\" data-id=\"bd91558\" data-element_type=\"widget\" data-e-type=\"widget\" data-widget_type=\"image.default\">\n\t\t\t\t\t\t\t\t\t\t\t\t\t\t\t<img decoding=\"async\" width=\"141\" height=\"141\" src=\"https:\/\/jovial-rhodes.93-90-192-35.plesk.page\/wp-content\/uploads\/2025\/07\/Hartmann-klein.webp\" class=\"attachment-medium size-medium wp-image-280\" alt=\"\" \/>\t\t\t\t\t\t\t\t\t\t\t\t\t\t\t<\/div>\n\t\t\t\t<\/div>\n\t\t<div class=\"elementor-element elementor-element-12f0721 e-con-full e-flex e-con e-child\" data-id=\"12f0721\" data-element_type=\"container\" data-e-type=\"container\">\n\t\t\t\t<div class=\"elementor-element elementor-element-28797b4 elementor-widget elementor-widget-image\" data-id=\"28797b4\" data-element_type=\"widget\" data-e-type=\"widget\" data-widget_type=\"image.default\">\n\t\t\t\t\t\t\t\t\t\t\t\t\t\t\t<img loading=\"lazy\" decoding=\"async\" width=\"141\" height=\"141\" src=\"https:\/\/jovial-rhodes.93-90-192-35.plesk.page\/wp-content\/uploads\/2025\/07\/Knabe-klein.webp\" class=\"attachment-medium size-medium wp-image-284\" alt=\"\" \/>\t\t\t\t\t\t\t\t\t\t\t\t\t\t\t<\/div>\n\t\t\t\t<\/div>\n\t\t<div class=\"elementor-element elementor-element-fd0e05e e-con-full e-flex e-con e-child\" data-id=\"fd0e05e\" data-element_type=\"container\" data-e-type=\"container\">\n\t\t\t\t<div class=\"elementor-element elementor-element-3628f43 elementor-widget elementor-widget-image\" data-id=\"3628f43\" data-element_type=\"widget\" data-e-type=\"widget\" data-widget_type=\"image.default\">\n\t\t\t\t\t\t\t\t\t\t\t\t\t\t\t<img loading=\"lazy\" decoding=\"async\" width=\"141\" height=\"141\" src=\"https:\/\/jovial-rhodes.93-90-192-35.plesk.page\/wp-content\/uploads\/2025\/07\/Dralle-klein.webp\" class=\"attachment-medium size-medium wp-image-285\" alt=\"\" \/>\t\t\t\t\t\t\t\t\t\t\t\t\t\t\t<\/div>\n\t\t\t\t<\/div>\n\t\t<div class=\"elementor-element elementor-element-4b59636 e-con-full e-flex e-con e-child\" data-id=\"4b59636\" data-element_type=\"container\" data-e-type=\"container\">\n\t\t\t\t<div class=\"elementor-element elementor-element-6cf2de0 elementor-widget elementor-widget-text-editor\" data-id=\"6cf2de0\" data-element_type=\"widget\" data-e-type=\"widget\" data-widget_type=\"text-editor.default\">\n\t\t\t\t\t\t\t\t\t<div class=\"person-desc\"><div class=\"person-author\"><h3 class=\"person-author-wrapper\"><span class=\"person-name\">Peter C. Hartmann<\/span><\/h3><div>\u00a0<\/div><div class=\"person-author-wrapper\"><strong><span class=\"person-title\">Gesch\u00e4ftsf\u00fchrer<\/span><\/strong><\/div><div>\u00a0<\/div><\/div><div class=\"person-content fusion-clearfix\"><p>Berater und Fachplaner f\u00fcr Gastronomie- und Gro\u00dfk\u00fcchenkonzepte<\/p><p><i class=\"fb-icon-element-1 fb-icon-element fontawesome-icon fa-phone fas circle-no\">\u00a0<\/i>05132 \u2013 54 1 54<\/p><div class=\"mailhover\"><a href=\"mailto:peter.c.hartmann@pch-online.de\">peter.c.hartmann@pch-online.de<\/a><\/div><\/div><\/div><div>\u00a0<\/div><div>\u00a0<\/div><div>\u00a0<\/div><div>\u00a0<\/div>\t\t\t\t\t\t\t\t<\/div>\n\t\t\t\t<\/div>\n\t\t<div class=\"elementor-element elementor-element-d6e7051 e-con-full e-flex e-con e-child\" data-id=\"d6e7051\" data-element_type=\"container\" data-e-type=\"container\">\n\t\t\t\t<div class=\"elementor-element elementor-element-9899f5d elementor-widget elementor-widget-text-editor\" data-id=\"9899f5d\" data-element_type=\"widget\" data-e-type=\"widget\" data-widget_type=\"text-editor.default\">\n\t\t\t\t\t\t\t\t\t<div class=\"person-desc\"><div class=\"person-author\"><h3 class=\"person-author-wrapper\"><span class=\"person-name\">Ralf Knabe<\/span><\/h3><\/div><\/div><div>\u00a0<\/div><div><strong><span class=\"person-title\">Projektleiter<\/span><\/strong><\/div><div class=\"person-desc\"><div class=\"person-author\"><div>\u00a0<\/div><\/div><div class=\"person-content fusion-clearfix\"><p>Key Account &amp; Fachplaner f\u00fcr Gro\u00dfk\u00fcchen und Speisenverteilung<\/p><p>05132 \u2013 54 1 54<\/p><div class=\"mailhover\"><a href=\"mailto:ralf.knabe@pch-online.de\">ralf.knabe@pch-online.de<\/a><\/div><\/div><\/div>\t\t\t\t\t\t\t\t<\/div>\n\t\t\t\t<\/div>\n\t\t<div class=\"elementor-element elementor-element-74c3f68 e-con-full e-flex e-con e-child\" data-id=\"74c3f68\" data-element_type=\"container\" data-e-type=\"container\">\n\t\t\t\t<div class=\"elementor-element elementor-element-c6a2b78 elementor-widget elementor-widget-text-editor\" data-id=\"c6a2b78\" data-element_type=\"widget\" data-e-type=\"widget\" data-widget_type=\"text-editor.default\">\n\t\t\t\t\t\t\t\t\t<div class=\"person-desc\"><div class=\"person-author\"><h3 class=\"person-author-wrapper\"><span class=\"person-name\">Hermann Dralle<\/span><\/h3><\/div><\/div><div class=\"person-desc\"><div>\u00a0<\/div><div class=\"person-author\"><strong><span class=\"person-title\">Innenarchitektur <\/span><\/strong><\/div><div>\u00a0<\/div><div class=\"person-author\">Fachplaner f\u00fcr Gastronomie und Hoteleinrichtungen<br class=\"clear\" \/><br class=\"clear\" \/><\/div><div class=\"person-content fusion-clearfix\"><p>0177 \u2013 1766384<\/p><div class=\"mailhover\"><a href=\"mailto:hermann.dralle@pch-online.de\">hermann.dralle@pch-online.de<\/a><\/div><\/div><\/div><div>\u00a0<\/div><div>\u00a0<\/div>\t\t\t\t\t\t\t\t<\/div>\n\t\t\t\t<\/div>\n\t\t\t\t\t<\/div>\n\t\t\t\t<\/div>\n\t\t\t\t<\/div>\n\t\t\t\t<\/div>\n\t\t","protected":false},"excerpt":{"rendered":"<p>Gastrobau &amp; Gastronomiekonzepte \u00a0 Die Welt der Gastronomie lebt von neuen Konzepten und Ideen.Doch welcher Trend ist aktuell? Was bringt [&hellip;]<\/p>\n","protected":false},"author":1,"featured_media":0,"parent":0,"menu_order":0,"comment_status":"closed","ping_status":"closed","template":"","meta":{"site-sidebar-layout":"no-sidebar","site-content-layout":"","ast-site-content-layout":"full-width-container","site-content-style":"default","site-sidebar-style":"default","ast-global-header-display":"","ast-banner-title-visibility":"","ast-main-header-display":"","ast-hfb-above-header-display":"","ast-hfb-below-header-display":"","ast-hfb-mobile-header-display":"","site-post-title":"","ast-breadcrumbs-content":"","ast-featured-img":"disabled","footer-sml-layout":"","ast-disable-related-posts":"","theme-transparent-header-meta":"","adv-header-id-meta":"","stick-header-meta":"","header-above-stick-meta":"","header-main-stick-meta":"","header-below-stick-meta":"","astra-migrate-meta-layouts":"default","ast-page-background-enabled":"default","ast-page-background-meta":{"desktop":{"background-color":"var(--ast-global-color-5)","background-image":"","background-repeat":"repeat","background-position":"center center","background-size":"auto","background-attachment":"scroll","background-type":"","background-media":"","overlay-type":"","overlay-color":"","overlay-opacity":"","overlay-gradient":""},"tablet":{"background-color":"","background-image":"","background-repeat":"repeat","background-position":"center center","background-size":"auto","background-attachment":"scroll","background-type":"","background-media":"","overlay-type":"","overlay-color":"","overlay-opacity":"","overlay-gradient":""},"mobile":{"background-color":"","background-image":"","background-repeat":"repeat","background-position":"center center","background-size":"auto","background-attachment":"scroll","background-type":"","background-media":"","overlay-type":"","overlay-color":"","overlay-opacity":"","overlay-gradient":""}},"ast-content-background-meta":{"desktop":{"background-color":"var(--ast-global-color-4)","background-image":"","background-repeat":"repeat","background-position":"center center","background-size":"auto","background-attachment":"scroll","background-type":"","background-media":"","overlay-type":"","overlay-color":"","overlay-opacity":"","overlay-gradient":""},"tablet":{"background-color":"var(--ast-global-color-4)","background-image":"","background-repeat":"repeat","background-position":"center center","background-size":"auto","background-attachment":"scroll","background-type":"","background-media":"","overlay-type":"","overlay-color":"","overlay-opacity":"","overlay-gradient":""},"mobile":{"background-color":"var(--ast-global-color-4)","background-image":"","background-repeat":"repeat","background-position":"center center","background-size":"auto","background-attachment":"scroll","background-type":"","background-media":"","overlay-type":"","overlay-color":"","overlay-opacity":"","overlay-gradient":""}},"footnotes":""},"class_list":["post-35","page","type-page","status-publish","hentry"],"_links":{"self":[{"href":"https:\/\/jovial-rhodes.93-90-192-35.plesk.page\/index.php\/wp-json\/wp\/v2\/pages\/35","targetHints":{"allow":["GET"]}}],"collection":[{"href":"https:\/\/jovial-rhodes.93-90-192-35.plesk.page\/index.php\/wp-json\/wp\/v2\/pages"}],"about":[{"href":"https:\/\/jovial-rhodes.93-90-192-35.plesk.page\/index.php\/wp-json\/wp\/v2\/types\/page"}],"author":[{"embeddable":true,"href":"https:\/\/jovial-rhodes.93-90-192-35.plesk.page\/index.php\/wp-json\/wp\/v2\/users\/1"}],"replies":[{"embeddable":true,"href":"https:\/\/jovial-rhodes.93-90-192-35.plesk.page\/index.php\/wp-json\/wp\/v2\/comments?post=35"}],"version-history":[{"count":46,"href":"https:\/\/jovial-rhodes.93-90-192-35.plesk.page\/index.php\/wp-json\/wp\/v2\/pages\/35\/revisions"}],"predecessor-version":[{"id":519,"href":"https:\/\/jovial-rhodes.93-90-192-35.plesk.page\/index.php\/wp-json\/wp\/v2\/pages\/35\/revisions\/519"}],"wp:attachment":[{"href":"https:\/\/jovial-rhodes.93-90-192-35.plesk.page\/index.php\/wp-json\/wp\/v2\/media?parent=35"}],"curies":[{"name":"wp","href":"https:\/\/api.w.org\/{rel}","templated":true}]}}