{"id":37,"date":"2025-07-18T13:50:34","date_gmt":"2025-07-18T13:50:34","guid":{"rendered":"https:\/\/jovial-rhodes.93-90-192-35.plesk.page\/?page_id=37"},"modified":"2025-11-11T14:44:11","modified_gmt":"2025-11-11T14:44:11","slug":"ladenbau","status":"publish","type":"page","link":"https:\/\/jovial-rhodes.93-90-192-35.plesk.page\/index.php\/ladenbau\/","title":{"rendered":"Ladenbau"},"content":{"rendered":"\t\t<div data-elementor-type=\"wp-page\" data-elementor-id=\"37\" class=\"elementor elementor-37\">\n\t\t\t\t<div class=\"elementor-element elementor-element-ed3d0ef e-con-full e-flex e-con e-parent\" data-id=\"ed3d0ef\" data-element_type=\"container\" data-e-type=\"container\">\n\t\t<div class=\"elementor-element elementor-element-55219b4 e-con-full e-flex e-con e-child\" data-id=\"55219b4\" data-element_type=\"container\" data-e-type=\"container\">\n\t\t<div class=\"elementor-element elementor-element-f4dfae7 e-con-full e-flex e-con e-child\" data-id=\"f4dfae7\" data-element_type=\"container\" data-e-type=\"container\">\n\t\t\t\t<div class=\"elementor-element elementor-element-e814ec6 elementor-widget elementor-widget-text-editor\" data-id=\"e814ec6\" data-element_type=\"widget\" data-e-type=\"widget\" data-widget_type=\"text-editor.default\">\n\t\t\t\t\t\t\t\t\t<div class=\"fusion-layout-column fusion_builder_column fusion-builder-column-1 fusion_builder_column_3_5 3_5 fusion-flex-column fusion-animated\" data-animationtype=\"fadeInLeft\" data-animationduration=\"0.6\" data-animationoffset=\"100%\"><div class=\"fusion-column-wrapper fusion-flex-justify-content-flex-start fusion-content-layout-column\"><div class=\"fusion-title title fusion-title-1 fusion-sep-none fusion-title-center fusion-title-text fusion-title-size-one fusion-border-below-title\"><h1 class=\"title-heading-center fusion-responsive-typography-calculated\" data-fontsize=\"54\" data-lineheight=\"62.6333px\">Speisenausgaben &amp; Ladenbau<\/h1><\/div><div class=\"fusion-separator\"><div class=\"fusion-separator-border sep-single sep-solid\">\u00a0<\/div><\/div><div class=\"fusion-text fusion-text-1\"><p>Unser hauseigenes Planungsb\u00fcro erstellt zeitgem\u00e4\u00dfe, innovative und energieoptimierende Betriebskonzepte neuester Technik.<\/p><\/div><\/div><\/div>\t\t\t\t\t\t\t\t<\/div>\n\t\t<div class=\"elementor-element elementor-element-b230eba e-con-full e-flex elementor-invisible e-con e-child\" data-id=\"b230eba\" data-element_type=\"container\" data-e-type=\"container\" data-settings=\"{&quot;background_background&quot;:&quot;gradient&quot;,&quot;animation&quot;:&quot;fadeInLeft&quot;}\">\n\t\t<div class=\"elementor-element elementor-element-efbec5e e-con-full e-flex e-con e-child\" data-id=\"efbec5e\" data-element_type=\"container\" data-e-type=\"container\">\n\t\t\t\t<div class=\"elementor-element elementor-element-8961959 elementor-widget elementor-widget-image\" data-id=\"8961959\" data-element_type=\"widget\" data-e-type=\"widget\" data-widget_type=\"image.default\">\n\t\t\t\t\t\t\t\t\t\t\t\t\t\t\t<img fetchpriority=\"high\" decoding=\"async\" width=\"1024\" height=\"975\" src=\"https:\/\/jovial-rhodes.93-90-192-35.plesk.page\/wp-content\/uploads\/2025\/08\/Speisenausgabe_B-01-1024x975.jpg\" class=\"attachment-large size-large wp-image-432\" alt=\"\" srcset=\"https:\/\/jovial-rhodes.93-90-192-35.plesk.page\/wp-content\/uploads\/2025\/08\/Speisenausgabe_B-01-1024x975.jpg 1024w, https:\/\/jovial-rhodes.93-90-192-35.plesk.page\/wp-content\/uploads\/2025\/08\/Speisenausgabe_B-01-300x286.jpg 300w, https:\/\/jovial-rhodes.93-90-192-35.plesk.page\/wp-content\/uploads\/2025\/08\/Speisenausgabe_B-01-768x731.jpg 768w, https:\/\/jovial-rhodes.93-90-192-35.plesk.page\/wp-content\/uploads\/2025\/08\/Speisenausgabe_B-01-1536x1463.jpg 1536w, https:\/\/jovial-rhodes.93-90-192-35.plesk.page\/wp-content\/uploads\/2025\/08\/Speisenausgabe_B-01-2048x1950.jpg 2048w\" sizes=\"(max-width: 1024px) 100vw, 1024px\" \/>\t\t\t\t\t\t\t\t\t\t\t\t\t\t\t<\/div>\n\t\t\t\t<\/div>\n\t\t<div class=\"elementor-element elementor-element-d2d7399 e-con-full e-flex e-con e-child\" data-id=\"d2d7399\" data-element_type=\"container\" data-e-type=\"container\">\n\t\t\t\t<div class=\"elementor-element elementor-element-170a8d5 elementor-align-center elementor-widget elementor-widget-button\" data-id=\"170a8d5\" data-element_type=\"widget\" data-e-type=\"widget\" data-widget_type=\"button.default\">\n\t\t\t\t\t\t\t\t\t\t<a class=\"elementor-button elementor-button-link elementor-size-sm\" href=\"\/index.php\/kontakt\/\">\n\t\t\t\t\t\t<span class=\"elementor-button-content-wrapper\">\n\t\t\t\t\t\t\t\t\t<span class=\"elementor-button-text\">Kontakt aufnehmen<\/span>\n\t\t\t\t\t<\/span>\n\t\t\t\t\t<\/a>\n\t\t\t\t\t\t\t\t<\/div>\n\t\t\t\t<div class=\"elementor-element elementor-element-9572204 elementor-widget elementor-widget-text-editor\" data-id=\"9572204\" data-element_type=\"widget\" data-e-type=\"widget\" data-widget_type=\"text-editor.default\">\n\t\t\t\t\t\t\t\t\t<div class=\"fusion-text fusion-text-2\"><h2 class=\"fusion-responsive-typography-calculated\" data-fontsize=\"40\" data-lineheight=\"48px\">Speisenausgabe<\/h2><\/div><div class=\"fusion-separator\"><div class=\"fusion-separator-border sep-single sep-solid\">\u00a0<\/div><\/div><div class=\"fusion-text fusion-text-3\"><div>Um viele Menschen gleichzeitig bedienen zu k\u00f6nnen, ist es wichtig, einen optimalen Ablauf in der Speisenausgabe zu gew\u00e4hrleisten. Hierbei gibt es viele verschiedene Konzepte und Abl\u00e4ufe. Wir finden f\u00fcr Sie den richtigen Weg.<br \/>Schon w\u00e4hrend der Planungsphase erstellen wir Ihnen die Grundrisse f\u00fcr die Speisenausgabe, die K\u00fcche und die Neben- und Sozialr\u00e4ume. Planungen f\u00fcr Laufwege, Speisenverteilung und Abfallentsorgung sind wichtige Grundlagen f\u00fcr einen funktionierenden Ablauf.<br \/>Unser individueller Ladenbau erm\u00f6glicht es uns, klassische und moderne Materialien einzusetzen.<\/div><\/div>\t\t\t\t\t\t\t\t<\/div>\n\t\t\t\t<\/div>\n\t\t\t\t<\/div>\n\t\t<div class=\"elementor-element elementor-element-e69f58b e-con-full e-flex elementor-invisible e-con e-child\" data-id=\"e69f58b\" data-element_type=\"container\" data-e-type=\"container\" data-settings=\"{&quot;background_background&quot;:&quot;gradient&quot;,&quot;animation&quot;:&quot;fadeInRight&quot;}\">\n\t\t<div class=\"elementor-element elementor-element-d38fff9 e-con-full e-flex e-con e-child\" data-id=\"d38fff9\" data-element_type=\"container\" data-e-type=\"container\">\n\t\t\t\t<div class=\"elementor-element elementor-element-9b3fa33 elementor-widget elementor-widget-text-editor\" data-id=\"9b3fa33\" data-element_type=\"widget\" data-e-type=\"widget\" data-widget_type=\"text-editor.default\">\n\t\t\t\t\t\t\t\t\t<div class=\"fusion-text fusion-text-4\"><h2 class=\"fusion-responsive-typography-calculated\" data-fontsize=\"40\" data-lineheight=\"48px\">Ladenbau<\/h2><\/div><div class=\"fusion-separator\"><div class=\"fusion-separator-border sep-single sep-solid\">\u00a0<\/div><\/div><div class=\"fusion-text fusion-text-5\"><div>Abseits der Gastronomie gibt es verschiedene Verkaufskonzepte die keine K\u00fcche ben\u00f6tigen. Auch hier sind wir Ihr Ansprechpartner.<br \/>Ob Lebensmittel- und K\u00fchlvitrinen, B\u00e4ckereiprodukte, allgemeine Verkaufstheken oder der Empfangstresen f\u00fcr Ihren Betrieb.<br \/>Gerne erstellen wir Ihnen ein passendes Konzept.<\/div><\/div>\t\t\t\t\t\t\t\t<\/div>\n\t\t\t\t<div class=\"elementor-element elementor-element-17b196f elementor-align-center elementor-widget elementor-widget-button\" data-id=\"17b196f\" data-element_type=\"widget\" data-e-type=\"widget\" data-widget_type=\"button.default\">\n\t\t\t\t\t\t\t\t\t\t<a class=\"elementor-button elementor-button-link elementor-size-sm\" href=\"index.php\/kontakt\/\">\n\t\t\t\t\t\t<span class=\"elementor-button-content-wrapper\">\n\t\t\t\t\t\t\t\t\t<span class=\"elementor-button-text\">Kontakt aufnehmen<\/span>\n\t\t\t\t\t<\/span>\n\t\t\t\t\t<\/a>\n\t\t\t\t\t\t\t\t<\/div>\n\t\t\t\t<\/div>\n\t\t<div class=\"elementor-element elementor-element-da87c9e e-con-full e-flex e-con e-child\" data-id=\"da87c9e\" data-element_type=\"container\" data-e-type=\"container\">\n\t\t\t\t<div class=\"elementor-element elementor-element-4d58898 elementor-widget elementor-widget-image\" data-id=\"4d58898\" data-element_type=\"widget\" data-e-type=\"widget\" data-widget_type=\"image.default\">\n\t\t\t\t\t\t\t\t\t\t\t\t\t\t\t<img decoding=\"async\" width=\"1024\" height=\"975\" src=\"https:\/\/jovial-rhodes.93-90-192-35.plesk.page\/wp-content\/uploads\/2025\/08\/Ladenbau-01-1024x975.jpg\" class=\"attachment-large size-large wp-image-433\" alt=\"\" srcset=\"https:\/\/jovial-rhodes.93-90-192-35.plesk.page\/wp-content\/uploads\/2025\/08\/Ladenbau-01-1024x975.jpg 1024w, https:\/\/jovial-rhodes.93-90-192-35.plesk.page\/wp-content\/uploads\/2025\/08\/Ladenbau-01-300x286.jpg 300w, https:\/\/jovial-rhodes.93-90-192-35.plesk.page\/wp-content\/uploads\/2025\/08\/Ladenbau-01-768x731.jpg 768w, https:\/\/jovial-rhodes.93-90-192-35.plesk.page\/wp-content\/uploads\/2025\/08\/Ladenbau-01-1536x1463.jpg 1536w, https:\/\/jovial-rhodes.93-90-192-35.plesk.page\/wp-content\/uploads\/2025\/08\/Ladenbau-01-2048x1950.jpg 2048w\" sizes=\"(max-width: 1024px) 100vw, 1024px\" \/>\t\t\t\t\t\t\t\t\t\t\t\t\t\t\t<\/div>\n\t\t\t\t<\/div>\n\t\t\t\t<\/div>\n\t\t<div class=\"elementor-element elementor-element-6731436 e-con-full e-flex elementor-invisible e-con e-child\" data-id=\"6731436\" data-element_type=\"container\" data-e-type=\"container\" data-settings=\"{&quot;background_background&quot;:&quot;gradient&quot;,&quot;animation&quot;:&quot;fadeInLeft&quot;}\">\n\t\t<div class=\"elementor-element elementor-element-ae47f62 e-con-full e-flex e-con e-child\" data-id=\"ae47f62\" data-element_type=\"container\" data-e-type=\"container\">\n\t\t\t\t<div class=\"elementor-element elementor-element-f455dd8 elementor-widget elementor-widget-image\" data-id=\"f455dd8\" data-element_type=\"widget\" data-e-type=\"widget\" data-widget_type=\"image.default\">\n\t\t\t\t\t\t\t\t\t\t\t\t\t\t\t<img decoding=\"async\" width=\"1024\" height=\"975\" src=\"https:\/\/jovial-rhodes.93-90-192-35.plesk.page\/wp-content\/uploads\/2025\/08\/Hoteleinrichtung-01-1024x975.jpg\" class=\"attachment-large size-large wp-image-434\" alt=\"\" srcset=\"https:\/\/jovial-rhodes.93-90-192-35.plesk.page\/wp-content\/uploads\/2025\/08\/Hoteleinrichtung-01-1024x975.jpg 1024w, https:\/\/jovial-rhodes.93-90-192-35.plesk.page\/wp-content\/uploads\/2025\/08\/Hoteleinrichtung-01-300x286.jpg 300w, https:\/\/jovial-rhodes.93-90-192-35.plesk.page\/wp-content\/uploads\/2025\/08\/Hoteleinrichtung-01-768x731.jpg 768w, https:\/\/jovial-rhodes.93-90-192-35.plesk.page\/wp-content\/uploads\/2025\/08\/Hoteleinrichtung-01-1536x1463.jpg 1536w, https:\/\/jovial-rhodes.93-90-192-35.plesk.page\/wp-content\/uploads\/2025\/08\/Hoteleinrichtung-01-2048x1950.jpg 2048w\" sizes=\"(max-width: 1024px) 100vw, 1024px\" \/>\t\t\t\t\t\t\t\t\t\t\t\t\t\t\t<\/div>\n\t\t\t\t<\/div>\n\t\t<div class=\"elementor-element elementor-element-3da41c9 e-con-full e-flex e-con e-child\" data-id=\"3da41c9\" data-element_type=\"container\" data-e-type=\"container\">\n\t\t\t\t<div class=\"elementor-element elementor-element-039b97a elementor-align-center elementor-widget elementor-widget-button\" data-id=\"039b97a\" data-element_type=\"widget\" data-e-type=\"widget\" data-widget_type=\"button.default\">\n\t\t\t\t\t\t\t\t\t\t<a class=\"elementor-button elementor-button-link elementor-size-sm\" href=\"\/index.php\/kontakt\/\">\n\t\t\t\t\t\t<span class=\"elementor-button-content-wrapper\">\n\t\t\t\t\t\t\t\t\t<span class=\"elementor-button-text\">Kontakt aufnehmen<\/span>\n\t\t\t\t\t<\/span>\n\t\t\t\t\t<\/a>\n\t\t\t\t\t\t\t\t<\/div>\n\t\t\t\t<div class=\"elementor-element elementor-element-6fe31e0 elementor-widget elementor-widget-text-editor\" data-id=\"6fe31e0\" data-element_type=\"widget\" data-e-type=\"widget\" data-widget_type=\"text-editor.default\">\n\t\t\t\t\t\t\t\t\t<div class=\"fusion-text fusion-text-7\"><h2 class=\"fusion-responsive-typography-calculated\" data-fontsize=\"40\" data-lineheight=\"48px\">Hoteleinrichtung<\/h2><\/div><div class=\"fusion-separator\"><div class=\"fusion-separator-border sep-single sep-solid\">\u00a0<\/div><\/div><div class=\"fusion-text fusion-text-8\"><div>Individuelle Einrichtungen f\u00fcr Ihr Hotel.<br \/>Produkte aus eigener Herstellung erm\u00f6glichen uns, Ihr Hotel und deren Zimmer in einem einmaligen und nicht vergleichbaren Stil einzurichten. Bei M\u00f6beln und Betten greifen wir auf verschiedene internationale Kollektionen zur\u00fcck, die z.B. bei Betten durch ein individuelles Kopfteil erweitert werden.<br \/>Lassen Sie sich durch unsere Inneneinrichter begeistern.<\/div><\/div>\t\t\t\t\t\t\t\t<\/div>\n\t\t\t\t<\/div>\n\t\t\t\t<\/div>\n\t\t\t\t<\/div>\n\t\t\t\t<\/div>\n\t\t\t\t<\/div>\n\t\t<div class=\"elementor-element elementor-element-610c135 e-con-full e-flex e-con e-parent\" data-id=\"610c135\" data-element_type=\"container\" data-e-type=\"container\">\n\t\t<div class=\"elementor-element elementor-element-de3bb30 e-flex e-con-boxed e-con e-child\" data-id=\"de3bb30\" data-element_type=\"container\" data-e-type=\"container\">\n\t\t\t\t\t<div class=\"e-con-inner\">\n\t\t\t\t<div class=\"elementor-element elementor-element-80699b6 elementor-widget-divider--view-line elementor-widget elementor-widget-divider\" data-id=\"80699b6\" data-element_type=\"widget\" data-e-type=\"widget\" data-widget_type=\"divider.default\">\n\t\t\t\t\t\t\t<div class=\"elementor-divider\">\n\t\t\t<span class=\"elementor-divider-separator\">\n\t\t\t\t\t\t<\/span>\n\t\t<\/div>\n\t\t\t\t\t\t<\/div>\n\t\t\t\t<div class=\"elementor-element elementor-element-20cbe7d elementor-widget__width-inherit elementor-widget elementor-widget-text-editor\" data-id=\"20cbe7d\" data-element_type=\"widget\" data-e-type=\"widget\" data-widget_type=\"text-editor.default\">\n\t\t\t\t\t\t\t\t\t<div class=\"fusion-title title fusion-title-2 fusion-sep-none fusion-title-center fusion-title-text fusion-title-size-two fusion-border-below-title\">\u00a0 \u00a0\u00a0<h3>\u00a0 \u00a0 \u00a0 Ihre Ansprechpartner<\/h3><\/div><div class=\"fusion-separator\"><div class=\"fusion-separator-border sep-single sep-solid\">\u00a0<\/div><\/div><div class=\"fusion-text fusion-text-6\"><p><strong>Schnelle und fachgerechte Beratung erhalten Sie bei uns im Innen \u2013 und Au\u00dfendienst. Gerne stellen wir Ihnen Ihre Ansprechpartner vor.<\/strong><\/p><\/div>\t\t\t\t\t\t\t\t<\/div>\n\t\t\t\t<div class=\"elementor-element elementor-element-ef862fb elementor-widget-divider--view-line elementor-widget elementor-widget-divider\" data-id=\"ef862fb\" data-element_type=\"widget\" data-e-type=\"widget\" data-widget_type=\"divider.default\">\n\t\t\t\t\t\t\t<div class=\"elementor-divider\">\n\t\t\t<span class=\"elementor-divider-separator\">\n\t\t\t\t\t\t<\/span>\n\t\t<\/div>\n\t\t\t\t\t\t<\/div>\n\t\t<div class=\"elementor-element elementor-element-3aaecd0 e-con-full e-flex e-con e-child\" data-id=\"3aaecd0\" data-element_type=\"container\" data-e-type=\"container\">\n\t\t\t\t<div class=\"elementor-element elementor-element-0e5e4c8 elementor-widget elementor-widget-image\" data-id=\"0e5e4c8\" data-element_type=\"widget\" data-e-type=\"widget\" data-widget_type=\"image.default\">\n\t\t\t\t\t\t\t\t\t\t\t\t\t\t\t<img loading=\"lazy\" decoding=\"async\" width=\"141\" height=\"141\" src=\"https:\/\/jovial-rhodes.93-90-192-35.plesk.page\/wp-content\/uploads\/2025\/07\/Knabe-klein.webp\" class=\"attachment-medium size-medium wp-image-284\" alt=\"\" \/>\t\t\t\t\t\t\t\t\t\t\t\t\t\t\t<\/div>\n\t\t\t\t<div class=\"elementor-element elementor-element-65937de elementor-widget elementor-widget-text-editor\" data-id=\"65937de\" data-element_type=\"widget\" data-e-type=\"widget\" data-widget_type=\"text-editor.default\">\n\t\t\t\t\t\t\t\t\t<div class=\"person-desc\"><div class=\"person-author\"><h3 class=\"person-author-wrapper\"><span class=\"person-name\">Ralf Knabe<\/span><\/h3><\/div><\/div><div>\u00a0<\/div><div><strong><span class=\"person-title\">Projektleiter<\/span><\/strong><\/div><div class=\"person-desc\"><div class=\"person-author\"><div>\u00a0<\/div><\/div><div class=\"person-content fusion-clearfix\"><p>Key Account &amp; Fachplaner f\u00fcr Gro\u00dfk\u00fcchen und Speisenverteilung<\/p><p>05132 \u2013 54 1 54<\/p><div class=\"mailhover\"><a href=\"mailto:ralf.knabe@pch-online.de\">ralf.knabe@pch-online.de<\/a><\/div><\/div><\/div>\t\t\t\t\t\t\t\t<\/div>\n\t\t\t\t<\/div>\n\t\t<div class=\"elementor-element elementor-element-53cc105 e-con-full e-flex e-con e-child\" data-id=\"53cc105\" data-element_type=\"container\" data-e-type=\"container\">\n\t\t\t\t<div class=\"elementor-element elementor-element-76d3135 elementor-widget elementor-widget-image\" data-id=\"76d3135\" data-element_type=\"widget\" data-e-type=\"widget\" data-widget_type=\"image.default\">\n\t\t\t\t\t\t\t\t\t\t\t\t\t\t\t<img loading=\"lazy\" decoding=\"async\" width=\"141\" height=\"141\" src=\"https:\/\/jovial-rhodes.93-90-192-35.plesk.page\/wp-content\/uploads\/2025\/07\/Dralle-klein.webp\" class=\"attachment-medium size-medium wp-image-285\" alt=\"\" \/>\t\t\t\t\t\t\t\t\t\t\t\t\t\t\t<\/div>\n\t\t\t\t<div class=\"elementor-element elementor-element-3c9e883 elementor-widget elementor-widget-text-editor\" data-id=\"3c9e883\" data-element_type=\"widget\" data-e-type=\"widget\" data-widget_type=\"text-editor.default\">\n\t\t\t\t\t\t\t\t\t<div class=\"person-desc\"><div class=\"person-author\"><h3 class=\"person-author-wrapper\"><span class=\"person-name\">Hermann Dralle<\/span><\/h3><\/div><\/div><div class=\"person-desc\"><div>\u00a0<\/div><div class=\"person-author\"><strong><span class=\"person-title\">Innenarchitektur <\/span><\/strong><\/div><div>\u00a0<\/div><div class=\"person-author\">Fachplaner f\u00fcr Gastronomie und Hoteleinrichtungen<br class=\"clear\" \/><br class=\"clear\" \/><\/div><div class=\"person-content fusion-clearfix\"><p>0177 \u2013 1766384<\/p><div class=\"mailhover\"><a href=\"mailto:hermann.dralle@pch-online.de\">hermann.dralle@pch-online.de<\/a><\/div><\/div><\/div><div>\u00a0<\/div><div>\u00a0<\/div>\t\t\t\t\t\t\t\t<\/div>\n\t\t\t\t<\/div>\n\t\t\t\t\t<\/div>\n\t\t\t\t<\/div>\n\t\t\t\t<\/div>\n\t\t\t\t<\/div>\n\t\t","protected":false},"excerpt":{"rendered":"<p>Speisenausgaben &amp; Ladenbau \u00a0 Unser hauseigenes Planungsb\u00fcro erstellt zeitgem\u00e4\u00dfe, innovative und energieoptimierende Betriebskonzepte neuester Technik. Kontakt aufnehmen Speisenausgabe \u00a0Um viele [&hellip;]<\/p>\n","protected":false},"author":1,"featured_media":0,"parent":0,"menu_order":0,"comment_status":"closed","ping_status":"closed","template":"","meta":{"site-sidebar-layout":"no-sidebar","site-content-layout":"","ast-site-content-layout":"full-width-container","site-content-style":"default","site-sidebar-style":"default","ast-global-header-display":"","ast-banner-title-visibility":"","ast-main-header-display":"","ast-hfb-above-header-display":"","ast-hfb-below-header-display":"","ast-hfb-mobile-header-display":"","site-post-title":"","ast-breadcrumbs-content":"","ast-featured-img":"disabled","footer-sml-layout":"","ast-disable-related-posts":"","theme-transparent-header-meta":"","adv-header-id-meta":"","stick-header-meta":"","header-above-stick-meta":"","header-main-stick-meta":"","header-below-stick-meta":"","astra-migrate-meta-layouts":"default","ast-page-background-enabled":"default","ast-page-background-meta":{"desktop":{"background-color":"var(--ast-global-color-5)","background-image":"","background-repeat":"repeat","background-position":"center center","background-size":"auto","background-attachment":"scroll","background-type":"","background-media":"","overlay-type":"","overlay-color":"","overlay-opacity":"","overlay-gradient":""},"tablet":{"background-color":"","background-image":"","background-repeat":"repeat","background-position":"center center","background-size":"auto","background-attachment":"scroll","background-type":"","background-media":"","overlay-type":"","overlay-color":"","overlay-opacity":"","overlay-gradient":""},"mobile":{"background-color":"","background-image":"","background-repeat":"repeat","background-position":"center center","background-size":"auto","background-attachment":"scroll","background-type":"","background-media":"","overlay-type":"","overlay-color":"","overlay-opacity":"","overlay-gradient":""}},"ast-content-background-meta":{"desktop":{"background-color":"var(--ast-global-color-4)","background-image":"","background-repeat":"repeat","background-position":"center center","background-size":"auto","background-attachment":"scroll","background-type":"","background-media":"","overlay-type":"","overlay-color":"","overlay-opacity":"","overlay-gradient":""},"tablet":{"background-color":"var(--ast-global-color-4)","background-image":"","background-repeat":"repeat","background-position":"center center","background-size":"auto","background-attachment":"scroll","background-type":"","background-media":"","overlay-type":"","overlay-color":"","overlay-opacity":"","overlay-gradient":""},"mobile":{"background-color":"var(--ast-global-color-4)","background-image":"","background-repeat":"repeat","background-position":"center center","background-size":"auto","background-attachment":"scroll","background-type":"","background-media":"","overlay-type":"","overlay-color":"","overlay-opacity":"","overlay-gradient":""}},"footnotes":""},"class_list":["post-37","page","type-page","status-publish","hentry"],"_links":{"self":[{"href":"https:\/\/jovial-rhodes.93-90-192-35.plesk.page\/index.php\/wp-json\/wp\/v2\/pages\/37","targetHints":{"allow":["GET"]}}],"collection":[{"href":"https:\/\/jovial-rhodes.93-90-192-35.plesk.page\/index.php\/wp-json\/wp\/v2\/pages"}],"about":[{"href":"https:\/\/jovial-rhodes.93-90-192-35.plesk.page\/index.php\/wp-json\/wp\/v2\/types\/page"}],"author":[{"embeddable":true,"href":"https:\/\/jovial-rhodes.93-90-192-35.plesk.page\/index.php\/wp-json\/wp\/v2\/users\/1"}],"replies":[{"embeddable":true,"href":"https:\/\/jovial-rhodes.93-90-192-35.plesk.page\/index.php\/wp-json\/wp\/v2\/comments?post=37"}],"version-history":[{"count":25,"href":"https:\/\/jovial-rhodes.93-90-192-35.plesk.page\/index.php\/wp-json\/wp\/v2\/pages\/37\/revisions"}],"predecessor-version":[{"id":516,"href":"https:\/\/jovial-rhodes.93-90-192-35.plesk.page\/index.php\/wp-json\/wp\/v2\/pages\/37\/revisions\/516"}],"wp:attachment":[{"href":"https:\/\/jovial-rhodes.93-90-192-35.plesk.page\/index.php\/wp-json\/wp\/v2\/media?parent=37"}],"curies":[{"name":"wp","href":"https:\/\/api.w.org\/{rel}","templated":true}]}}