{"id":39,"date":"2025-07-18T13:50:10","date_gmt":"2025-07-18T13:50:10","guid":{"rendered":"https:\/\/jovial-rhodes.93-90-192-35.plesk.page\/?page_id=39"},"modified":"2025-11-11T14:45:20","modified_gmt":"2025-11-11T14:45:20","slug":"kaffeesysteme","status":"publish","type":"page","link":"https:\/\/jovial-rhodes.93-90-192-35.plesk.page\/index.php\/kaffeesysteme\/","title":{"rendered":"Kaffeesysteme"},"content":{"rendered":"\t\t<div data-elementor-type=\"wp-page\" data-elementor-id=\"39\" class=\"elementor elementor-39\">\n\t\t\t\t<div class=\"elementor-element elementor-element-4415112 e-con-full e-flex e-con e-parent\" data-id=\"4415112\" data-element_type=\"container\" data-e-type=\"container\">\n\t\t<div class=\"elementor-element elementor-element-92a2e78 e-con-full e-flex e-con e-child\" data-id=\"92a2e78\" data-element_type=\"container\" data-e-type=\"container\">\n\t\t\t\t<div class=\"elementor-element elementor-element-0b64a2c elementor-widget elementor-widget-text-editor\" data-id=\"0b64a2c\" data-element_type=\"widget\" data-e-type=\"widget\" data-widget_type=\"text-editor.default\">\n\t\t\t\t\t\t\t\t\t<div class=\"fusion-title title fusion-title-1 fusion-sep-none fusion-title-center fusion-title-text fusion-title-size-one fusion-border-below-title\"><h1 class=\"title-heading-center fusion-responsive-typography-calculated\" data-fontsize=\"54\" data-lineheight=\"62.6333px\">Kaffeesysteme<\/h1><\/div><div class=\"fusion-separator\"><div class=\"fusion-separator-border sep-single sep-solid\">\u00a0<\/div><\/div><div class=\"fusion-text fusion-text-1\"><p>Ob per Siebtr\u00e4ger oder im Vollautomaten zubereitet: Wir helfen Ihnen, mithilfe der besten Br\u00fchsysteme, ausgew\u00e4hlter Rohstoffe und den perfekten Einstellungen vom Mahlgrad bis zur Wassertemperatur die perfekte Tasse Kaffee zuzubereiten.<\/p><\/div>\t\t\t\t\t\t\t\t<\/div>\n\t\t<div class=\"elementor-element elementor-element-bf3adaf e-con-full e-flex elementor-invisible e-con e-child\" data-id=\"bf3adaf\" data-element_type=\"container\" data-e-type=\"container\" data-settings=\"{&quot;background_background&quot;:&quot;gradient&quot;,&quot;animation&quot;:&quot;fadeInLeft&quot;}\">\n\t\t<div class=\"elementor-element elementor-element-4c70585 e-con-full e-flex e-con e-child\" data-id=\"4c70585\" data-element_type=\"container\" data-e-type=\"container\">\n\t\t\t\t<div class=\"elementor-element elementor-element-0a40c73 elementor-widget elementor-widget-image\" data-id=\"0a40c73\" data-element_type=\"widget\" data-e-type=\"widget\" data-widget_type=\"image.default\">\n\t\t\t\t\t\t\t\t\t\t\t\t\t\t\t<img fetchpriority=\"high\" decoding=\"async\" width=\"1024\" height=\"975\" src=\"https:\/\/jovial-rhodes.93-90-192-35.plesk.page\/wp-content\/uploads\/2025\/08\/Kaffeesysteme-01-1024x975.jpg\" class=\"attachment-large size-large wp-image-438\" alt=\"\" srcset=\"https:\/\/jovial-rhodes.93-90-192-35.plesk.page\/wp-content\/uploads\/2025\/08\/Kaffeesysteme-01-1024x975.jpg 1024w, https:\/\/jovial-rhodes.93-90-192-35.plesk.page\/wp-content\/uploads\/2025\/08\/Kaffeesysteme-01-300x286.jpg 300w, https:\/\/jovial-rhodes.93-90-192-35.plesk.page\/wp-content\/uploads\/2025\/08\/Kaffeesysteme-01-768x731.jpg 768w, https:\/\/jovial-rhodes.93-90-192-35.plesk.page\/wp-content\/uploads\/2025\/08\/Kaffeesysteme-01-1536x1463.jpg 1536w, https:\/\/jovial-rhodes.93-90-192-35.plesk.page\/wp-content\/uploads\/2025\/08\/Kaffeesysteme-01-2048x1950.jpg 2048w\" sizes=\"(max-width: 1024px) 100vw, 1024px\" \/>\t\t\t\t\t\t\t\t\t\t\t\t\t\t\t<\/div>\n\t\t\t\t<\/div>\n\t\t<div class=\"elementor-element elementor-element-ac4f6a9 e-con-full e-flex e-con e-child\" data-id=\"ac4f6a9\" data-element_type=\"container\" data-e-type=\"container\">\n\t\t\t\t<div class=\"elementor-element elementor-element-3ee7e33 elementor-align-center elementor-widget elementor-widget-button\" data-id=\"3ee7e33\" data-element_type=\"widget\" data-e-type=\"widget\" data-widget_type=\"button.default\">\n\t\t\t\t\t\t\t\t\t\t<a class=\"elementor-button elementor-button-link elementor-size-sm\" href=\"\/index.php\/kontakt\/\">\n\t\t\t\t\t\t<span class=\"elementor-button-content-wrapper\">\n\t\t\t\t\t\t\t\t\t<span class=\"elementor-button-text\">Kontakt aufnehmen<\/span>\n\t\t\t\t\t<\/span>\n\t\t\t\t\t<\/a>\n\t\t\t\t\t\t\t\t<\/div>\n\t\t\t\t<div class=\"elementor-element elementor-element-bebb4e0 elementor-widget elementor-widget-text-editor\" data-id=\"bebb4e0\" data-element_type=\"widget\" data-e-type=\"widget\" data-widget_type=\"text-editor.default\">\n\t\t\t\t\t\t\t\t\t<div class=\"fusion-text fusion-text-2\"><h2 class=\"fusion-responsive-typography-calculated\" data-fontsize=\"40\" data-lineheight=\"48px\">Kaffeesysteme<\/h2><\/div><div class=\"fusion-separator\"><div class=\"fusion-separator-border sep-single sep-solid\">\u00a0<\/div><\/div><div class=\"fusion-text fusion-text-3\"><div>Wir sind autorisierter Verkaufs- und Servicepartner internationaler Hersteller von Kaffeemaschinen. Unser Portfolio umfasst die komplette Produktpalette der Versorgung mit Kaffeeprodukten. Ob die hochwertige Espressomaschine mit Baristafunktionen, der Kaffeevollautomat f\u00fcr die schnelle und einfache Produktion oder die Filterkaffeemaschine f\u00fcr die ganz gro\u00dfe Menge. F\u00fcr jeden Bedarf haben wir das richtige Produkt.<br \/>Unsere zertifizierten Kaffeesommelier IHK und Coffee Senory Master unterst\u00fctzen Sie bei der Wahl der passenden Maschine. Nat\u00fcrlich unterst\u00fctzen wir Sie auch nach dem Kauf. Produktschulungen und Verkaufsf\u00f6rderungen rund um den Kaffee sowie ein funktionierender Kundendienst geh\u00f6ren selbstverst\u00e4ndlich dazu.<br \/>Um ein funktionierendes Gesch\u00e4ft rund um den Kaffee zu gew\u00e4hrleisten, geh\u00f6ren verschiedene Zusatzprodukte einfach dazu. Der Einsatz von gradgenauen Hei\u00dfwasserger\u00e4ten sowie von Tafelwasseranlagen erm\u00f6glichen Ihr Produktangebot auszubauen. Neue Produkte wie Eis- und kalte Fr\u00fcchtetees d\u00fcrfen heute in einem runden Konzept nicht mehr fehlen. Lassen Sie sich \u00fcberraschen und machen Sie einen Termin mit unseren Anwendungsberatern.<br \/>Entdecken Sie auch unsere eigene Kaffeemarke Happy Beans. Hochwertige Kaffeeprodukte zum g\u00fcnstigen Preis.<\/div><\/div>\t\t\t\t\t\t\t\t<\/div>\n\t\t\t\t<\/div>\n\t\t\t\t<\/div>\n\t\t\t\t<\/div>\n\t\t<div class=\"elementor-element elementor-element-9795906 e-flex e-con-boxed e-con e-child\" data-id=\"9795906\" data-element_type=\"container\" data-e-type=\"container\">\n\t\t\t\t\t<div class=\"e-con-inner\">\n\t\t\t\t<div class=\"elementor-element elementor-element-30da498 elementor-widget-divider--view-line elementor-widget elementor-widget-divider\" data-id=\"30da498\" data-element_type=\"widget\" data-e-type=\"widget\" data-widget_type=\"divider.default\">\n\t\t\t\t\t\t\t<div class=\"elementor-divider\">\n\t\t\t<span class=\"elementor-divider-separator\">\n\t\t\t\t\t\t<\/span>\n\t\t<\/div>\n\t\t\t\t\t\t<\/div>\n\t\t\t\t<div class=\"elementor-element elementor-element-05925b7 elementor-widget__width-inherit elementor-widget elementor-widget-text-editor\" data-id=\"05925b7\" data-element_type=\"widget\" data-e-type=\"widget\" data-widget_type=\"text-editor.default\">\n\t\t\t\t\t\t\t\t\t<div class=\"fusion-title title fusion-title-2 fusion-sep-none fusion-title-center fusion-title-text fusion-title-size-two fusion-border-below-title\"><p>\u00a0 \u00a0\u00a0<\/p><h3>\u00a0 \u00a0 \u00a0 Ihre Ansprechpartner<\/h3><\/div><div class=\"fusion-separator\"><div class=\"fusion-separator-border sep-single sep-solid\">\u00a0<\/div><\/div><div class=\"fusion-text fusion-text-6\"><p><strong>Schnelle und fachgerechte Beratung erhalten Sie bei uns im Innen \u2013 und Au\u00dfendienst. Gerne stellen wir Ihnen Ihre Ansprechpartner vor.<\/strong><\/p><\/div>\t\t\t\t\t\t\t\t<\/div>\n\t\t\t\t<div class=\"elementor-element elementor-element-146396b elementor-widget-divider--view-line elementor-widget elementor-widget-divider\" data-id=\"146396b\" data-element_type=\"widget\" data-e-type=\"widget\" data-widget_type=\"divider.default\">\n\t\t\t\t\t\t\t<div class=\"elementor-divider\">\n\t\t\t<span class=\"elementor-divider-separator\">\n\t\t\t\t\t\t<\/span>\n\t\t<\/div>\n\t\t\t\t\t\t<\/div>\n\t\t<div class=\"elementor-element elementor-element-c521a85 e-con-full e-flex e-con e-child\" data-id=\"c521a85\" data-element_type=\"container\" data-e-type=\"container\">\n\t\t<div class=\"elementor-element elementor-element-1e58c88 e-con-full e-flex e-con e-child\" data-id=\"1e58c88\" data-element_type=\"container\" data-e-type=\"container\">\n\t\t\t\t<div class=\"elementor-element elementor-element-33cf776 elementor-widget elementor-widget-image\" data-id=\"33cf776\" data-element_type=\"widget\" data-e-type=\"widget\" data-widget_type=\"image.default\">\n\t\t\t\t\t\t\t\t\t\t\t\t\t\t\t<img decoding=\"async\" width=\"141\" height=\"141\" src=\"https:\/\/jovial-rhodes.93-90-192-35.plesk.page\/wp-content\/uploads\/2025\/08\/Beckmann-klein.jpg\" class=\"attachment-medium size-medium wp-image-421\" alt=\"\" \/>\t\t\t\t\t\t\t\t\t\t\t\t\t\t\t<\/div>\n\t\t\t\t<\/div>\n\t\t<div class=\"elementor-element elementor-element-59b3ae1 e-con-full e-flex e-con e-child\" data-id=\"59b3ae1\" data-element_type=\"container\" data-e-type=\"container\">\n\t\t\t\t<div class=\"elementor-element elementor-element-552ceca elementor-widget elementor-widget-image\" data-id=\"552ceca\" data-element_type=\"widget\" data-e-type=\"widget\" data-widget_type=\"image.default\">\n\t\t\t\t\t\t\t\t\t\t\t\t\t\t\t<img decoding=\"async\" width=\"200\" height=\"200\" src=\"https:\/\/jovial-rhodes.93-90-192-35.plesk.page\/wp-content\/uploads\/2025\/07\/02-PCH-Logo-1.png\" class=\"attachment-medium size-medium wp-image-121\" alt=\"\" srcset=\"https:\/\/jovial-rhodes.93-90-192-35.plesk.page\/wp-content\/uploads\/2025\/07\/02-PCH-Logo-1.png 200w, https:\/\/jovial-rhodes.93-90-192-35.plesk.page\/wp-content\/uploads\/2025\/07\/02-PCH-Logo-1-150x150.png 150w\" sizes=\"(max-width: 200px) 100vw, 200px\" \/>\t\t\t\t\t\t\t\t\t\t\t\t\t\t\t<\/div>\n\t\t\t\t<\/div>\n\t\t<div class=\"elementor-element elementor-element-8652632 e-con-full e-flex e-con e-child\" data-id=\"8652632\" data-element_type=\"container\" data-e-type=\"container\">\n\t\t\t\t<div class=\"elementor-element elementor-element-81c5060 elementor-widget elementor-widget-image\" data-id=\"81c5060\" data-element_type=\"widget\" data-e-type=\"widget\" data-widget_type=\"image.default\">\n\t\t\t\t\t\t\t\t\t\t\t\t\t\t\t<img loading=\"lazy\" decoding=\"async\" width=\"141\" height=\"141\" src=\"https:\/\/jovial-rhodes.93-90-192-35.plesk.page\/wp-content\/uploads\/2025\/08\/Neumann-klein.jpg\" class=\"attachment-medium size-medium wp-image-417\" alt=\"\" \/>\t\t\t\t\t\t\t\t\t\t\t\t\t\t\t<\/div>\n\t\t\t\t<\/div>\n\t\t<div class=\"elementor-element elementor-element-8e47cc9 e-con-full e-flex e-con e-child\" data-id=\"8e47cc9\" data-element_type=\"container\" data-e-type=\"container\">\n\t\t\t\t<div class=\"elementor-element elementor-element-0383512 elementor-widget elementor-widget-text-editor\" data-id=\"0383512\" data-element_type=\"widget\" data-e-type=\"widget\" data-widget_type=\"text-editor.default\">\n\t\t\t\t\t\t\t\t\t<div class=\"person-desc\"><div class=\"person-author\"><h3 class=\"person-author-wrapper\"><span class=\"person-name\">Matthias Beckmann<\/span><\/h3><div>\u00a0<\/div><div class=\"person-author-wrapper\"><strong><span class=\"person-title\">Vertriebsinnendienst<\/span><\/strong><\/div><div>\u00a0<\/div><\/div><div class=\"person-content fusion-clearfix\"><p>Fachberater f\u00fcr Gastronomie und Hotellerie<\/p><p><i class=\"fb-icon-element-1 fb-icon-element fontawesome-icon fa-phone fas circle-no\">\u00a0<\/i>05132 \u2013 54 1 54<\/p><div class=\"mailhover\"><a href=\"mailto:matthias.beckmann@pch-online.de\">matthias.beckmann@pch-online.de<\/a><\/div><\/div><\/div><div>\u00a0<\/div><div>\u00a0<\/div><div>\u00a0<\/div><div>\u00a0<\/div>\t\t\t\t\t\t\t\t<\/div>\n\t\t\t\t<\/div>\n\t\t<div class=\"elementor-element elementor-element-1fa1c74 e-con-full e-flex e-con e-child\" data-id=\"1fa1c74\" data-element_type=\"container\" data-e-type=\"container\">\n\t\t\t\t<div class=\"elementor-element elementor-element-469643d elementor-widget elementor-widget-text-editor\" data-id=\"469643d\" data-element_type=\"widget\" data-e-type=\"widget\" data-widget_type=\"text-editor.default\">\n\t\t\t\t\t\t\t\t\t<div class=\"person-desc\"><div class=\"person-author\"><h3 class=\"person-author-wrapper\"><span class=\"person-name\">Kevin Witte<\/span><\/h3><\/div><\/div><div>\u00a0<\/div><div><strong><span class=\"person-title\">Vetriebsinnendienst<\/span><\/strong><\/div><div class=\"person-desc\"><div class=\"person-author\"><div>\u00a0<\/div><\/div><div class=\"person-content fusion-clearfix\"><p>Fachberate f\u00fcr Gastronomie und Hotellerie<\/p><p>05132 \u2013 54 1 54<\/p><div class=\"mailhover\"><a href=\"mailto:kevin.witte@pch-online.de\">kevin.witte@pch-online.de<\/a><\/div><\/div><\/div>\t\t\t\t\t\t\t\t<\/div>\n\t\t\t\t<\/div>\n\t\t<div class=\"elementor-element elementor-element-f12b970 e-con-full e-flex e-con e-child\" data-id=\"f12b970\" data-element_type=\"container\" data-e-type=\"container\">\n\t\t\t\t<div class=\"elementor-element elementor-element-99dd157 elementor-widget elementor-widget-text-editor\" data-id=\"99dd157\" data-element_type=\"widget\" data-e-type=\"widget\" data-widget_type=\"text-editor.default\">\n\t\t\t\t\t\t\t\t\t<div class=\"person-desc\"><div class=\"person-author\"><h3 class=\"person-author-wrapper\"><span class=\"person-name\">Andre Neumann<\/span><\/h3><\/div><\/div><div class=\"person-desc\"><div>\u00a0<\/div><div class=\"person-author\"><strong><span class=\"person-title\">Au\u00dfendienstmitarbeiter<\/span><\/strong><\/div><div>\u00a0<\/div><div class=\"person-author\">Fachberater f\u00fcr hochwertige Kafeesysteme<br class=\"clear\" \/><br class=\"clear\" \/><\/div><div class=\"person-content fusion-clearfix\"><p>0177 \u2013 3952164<\/p><div class=\"mailhover\"><a href=\"mailto:andre.neumann@pch-online.de\">andre.neumann@pch-online.de<\/a><\/div><\/div><\/div><div>\u00a0<\/div><div>\u00a0<\/div>\t\t\t\t\t\t\t\t<\/div>\n\t\t\t\t<\/div>\n\t\t\t\t<\/div>\n\t\t\t\t\t<\/div>\n\t\t\t\t<\/div>\n\t\t\t\t<\/div>\n\t\t\t\t<\/div>\n\t\t","protected":false},"excerpt":{"rendered":"<p>Kaffeesysteme \u00a0 Ob per Siebtr\u00e4ger oder im Vollautomaten zubereitet: Wir helfen Ihnen, mithilfe der besten Br\u00fchsysteme, ausgew\u00e4hlter Rohstoffe und den [&hellip;]<\/p>\n","protected":false},"author":1,"featured_media":0,"parent":0,"menu_order":0,"comment_status":"closed","ping_status":"closed","template":"","meta":{"site-sidebar-layout":"no-sidebar","site-content-layout":"","ast-site-content-layout":"full-width-container","site-content-style":"default","site-sidebar-style":"default","ast-global-header-display":"","ast-banner-title-visibility":"","ast-main-header-display":"","ast-hfb-above-header-display":"","ast-hfb-below-header-display":"","ast-hfb-mobile-header-display":"","site-post-title":"","ast-breadcrumbs-content":"","ast-featured-img":"disabled","footer-sml-layout":"","ast-disable-related-posts":"","theme-transparent-header-meta":"","adv-header-id-meta":"","stick-header-meta":"","header-above-stick-meta":"","header-main-stick-meta":"","header-below-stick-meta":"","astra-migrate-meta-layouts":"default","ast-page-background-enabled":"default","ast-page-background-meta":{"desktop":{"background-color":"var(--ast-global-color-5)","background-image":"","background-repeat":"repeat","background-position":"center center","background-size":"auto","background-attachment":"scroll","background-type":"","background-media":"","overlay-type":"","overlay-color":"","overlay-opacity":"","overlay-gradient":""},"tablet":{"background-color":"","background-image":"","background-repeat":"repeat","background-position":"center center","background-size":"auto","background-attachment":"scroll","background-type":"","background-media":"","overlay-type":"","overlay-color":"","overlay-opacity":"","overlay-gradient":""},"mobile":{"background-color":"","background-image":"","background-repeat":"repeat","background-position":"center center","background-size":"auto","background-attachment":"scroll","background-type":"","background-media":"","overlay-type":"","overlay-color":"","overlay-opacity":"","overlay-gradient":""}},"ast-content-background-meta":{"desktop":{"background-color":"var(--ast-global-color-4)","background-image":"","background-repeat":"repeat","background-position":"center center","background-size":"auto","background-attachment":"scroll","background-type":"","background-media":"","overlay-type":"","overlay-color":"","overlay-opacity":"","overlay-gradient":""},"tablet":{"background-color":"var(--ast-global-color-4)","background-image":"","background-repeat":"repeat","background-position":"center center","background-size":"auto","background-attachment":"scroll","background-type":"","background-media":"","overlay-type":"","overlay-color":"","overlay-opacity":"","overlay-gradient":""},"mobile":{"background-color":"var(--ast-global-color-4)","background-image":"","background-repeat":"repeat","background-position":"center center","background-size":"auto","background-attachment":"scroll","background-type":"","background-media":"","overlay-type":"","overlay-color":"","overlay-opacity":"","overlay-gradient":""}},"footnotes":""},"class_list":["post-39","page","type-page","status-publish","hentry"],"_links":{"self":[{"href":"https:\/\/jovial-rhodes.93-90-192-35.plesk.page\/index.php\/wp-json\/wp\/v2\/pages\/39","targetHints":{"allow":["GET"]}}],"collection":[{"href":"https:\/\/jovial-rhodes.93-90-192-35.plesk.page\/index.php\/wp-json\/wp\/v2\/pages"}],"about":[{"href":"https:\/\/jovial-rhodes.93-90-192-35.plesk.page\/index.php\/wp-json\/wp\/v2\/types\/page"}],"author":[{"embeddable":true,"href":"https:\/\/jovial-rhodes.93-90-192-35.plesk.page\/index.php\/wp-json\/wp\/v2\/users\/1"}],"replies":[{"embeddable":true,"href":"https:\/\/jovial-rhodes.93-90-192-35.plesk.page\/index.php\/wp-json\/wp\/v2\/comments?post=39"}],"version-history":[{"count":25,"href":"https:\/\/jovial-rhodes.93-90-192-35.plesk.page\/index.php\/wp-json\/wp\/v2\/pages\/39\/revisions"}],"predecessor-version":[{"id":522,"href":"https:\/\/jovial-rhodes.93-90-192-35.plesk.page\/index.php\/wp-json\/wp\/v2\/pages\/39\/revisions\/522"}],"wp:attachment":[{"href":"https:\/\/jovial-rhodes.93-90-192-35.plesk.page\/index.php\/wp-json\/wp\/v2\/media?parent=39"}],"curies":[{"name":"wp","href":"https:\/\/api.w.org\/{rel}","templated":true}]}}